{"id":1424,"date":"2023-10-06T15:04:12","date_gmt":"2023-10-06T15:04:12","guid":{"rendered":"https:\/\/thefryercompany.com\/service-2\/"},"modified":"2023-12-11T13:42:29","modified_gmt":"2023-12-11T13:42:29","slug":"service","status":"publish","type":"page","link":"https:\/\/thefryercompany.com\/fr\/service\/","title":{"rendered":"Service"},"content":{"rendered":"<p>[et_pb_section fb_built=\u00a0\u00bb1&Prime; _builder_version=\u00a0\u00bb4.22.1&Prime; _module_preset=\u00a0\u00bbdefault\u00a0\u00bb background_image=\u00a0\u00bbhttps:\/\/thefryercompany.com\/wp-content\/uploads\/2023\/10\/FRYER-service.jpg\u00a0\u00bb height=\u00a0\u00bb340px\u00a0\u00bb custom_padding=\u00a0\u00bb0px|||||\u00a0\u00bb global_colors_info=\u00a0\u00bb{}\u00a0\u00bb][et_pb_row column_structure=\u00a0\u00bb3_5,2_5&Prime; _builder_version=\u00a0\u00bb4.22.1&Prime; _module_preset=\u00a0\u00bbdefault\u00a0\u00bb global_colors_info=\u00a0\u00bb{}\u00a0\u00bb][et_pb_column type=\u00a0\u00bb3_5&Prime; _builder_version=\u00a0\u00bb4.22.1&Prime; _module_preset=\u00a0\u00bbdefault\u00a0\u00bb global_colors_info=\u00a0\u00bb{}\u00a0\u00bb][et_pb_image src=\u00a0\u00bbhttps:\/\/thefryercompany.com\/wp-content\/uploads\/2023\/10\/fc-beeldmerk-2.png\u00a0\u00bb title_text=\u00a0\u00bbfc-beeldmerk-2&Prime; align=\u00a0\u00bbright\u00a0\u00bb disabled_on=\u00a0\u00bboff|off|on\u00a0\u00bb _builder_version=\u00a0\u00bb4.22.1&Prime; _module_preset=\u00a0\u00bbdefault\u00a0\u00bb module_alignment=\u00a0\u00bbright\u00a0\u00bb height_tablet=\u00a0\u00bb120px\u00a0\u00bb height_phone=\u00a0\u00bb100px\u00a0\u00bb height_last_edited=\u00a0\u00bbon|phone\u00a0\u00bb custom_margin=\u00a0\u00bb-80px|60px|||false|false\u00a0\u00bb custom_margin_tablet=\u00a0\u00bb-30px||||false|false\u00a0\u00bb custom_margin_phone=\u00a0\u00bb-30px|60px|||false|false\u00a0\u00bb custom_margin_last_edited=\u00a0\u00bbon|tablet\u00a0\u00bb global_colors_info=\u00a0\u00bb{}\u00a0\u00bb][\/et_pb_image][et_pb_text _builder_version=\u00a0\u00bb4.22.1&Prime; _module_preset=\u00a0\u00bbdefault\u00a0\u00bb text_text_color=\u00a0\u00bb#FFFFFF\u00a0\u00bb header_font=\u00a0\u00bbBarlow Semi Condensed||||||||\u00a0\u00bb header_font_size=\u00a0\u00bb52px\u00a0\u00bb header_line_height=\u00a0\u00bb1.1em\u00a0\u00bb header_3_font=\u00a0\u00bb||||||||\u00a0\u00bb header_3_font_size=\u00a0\u00bb26px\u00a0\u00bb header_3_letter_spacing=\u00a0\u00bb-1px\u00a0\u00bb header_3_line_height=\u00a0\u00bb1.4em\u00a0\u00bb background_layout=\u00a0\u00bbdark\u00a0\u00bb custom_margin=\u00a0\u00bb90px|||||\u00a0\u00bb custom_margin_tablet=\u00a0\u00bb30px||||false|false\u00a0\u00bb custom_margin_phone=\u00a0\u00bb40px||||false|false\u00a0\u00bb custom_margin_last_edited=\u00a0\u00bbon|phone\u00a0\u00bb header_font_size_tablet=\u00a0\u00bb40px\u00a0\u00bb header_font_size_phone=\u00a0\u00bb34px\u00a0\u00bb header_font_size_last_edited=\u00a0\u00bbon|phone\u00a0\u00bb header_3_font_size_tablet=\u00a0\u00bb22px\u00a0\u00bb header_3_font_size_phone=\u00a0\u00bb20px\u00a0\u00bb header_3_font_size_last_edited=\u00a0\u00bbon|tablet\u00a0\u00bb global_colors_info=\u00a0\u00bb{}\u00a0\u00bb]<\/p>\n<h1><span ffffff=\"\">La garantie<\/span> <span ffffff=\"\">d&rsquo;une<br \/><\/span> <span ffffff=\"\">installation de friture fiable<\/span><\/h1>\n<p>[\/et_pb_text][\/et_pb_column][et_pb_column type=\u00a0\u00bb2_5&Prime; _builder_version=\u00a0\u00bb4.22.1&Prime; _module_preset=\u00a0\u00bbdefault\u00a0\u00bb global_colors_info=\u00a0\u00bb{}\u00a0\u00bb][et_pb_image src=\u00a0\u00bbhttps:\/\/thefryercompany.com\/wp-content\/uploads\/2023\/10\/fc-beeldmerk-2.png\u00a0\u00bb title_text=\u00a0\u00bbfc-beeldmerk-2&Prime; disabled_on=\u00a0\u00bbon|on|off\u00a0\u00bb _builder_version=\u00a0\u00bb4.22.1&Prime; _module_preset=\u00a0\u00bbdefault\u00a0\u00bb width_tablet=\u00a0\u00bb\u00a0\u00bb width_phone=\u00a0\u00bb\u00a0\u00bb width_last_edited=\u00a0\u00bbon|desktop\u00a0\u00bb module_alignment=\u00a0\u00bbleft\u00a0\u00bb height=\u00a0\u00bb200px\u00a0\u00bb height_tablet=\u00a0\u00bb120px\u00a0\u00bb height_phone=\u00a0\u00bb120px\u00a0\u00bb height_last_edited=\u00a0\u00bbon|desktop\u00a0\u00bb custom_margin=\u00a0\u00bb-26px||||false|false\u00a0\u00bb global_colors_info=\u00a0\u00bb{}\u00a0\u00bb][\/et_pb_image][\/et_pb_column][\/et_pb_row][\/et_pb_section][et_pb_section fb_built=\u00a0\u00bb1&Prime; _builder_version=\u00a0\u00bb4.22.1&Prime; _module_preset=\u00a0\u00bbdefault\u00a0\u00bb custom_padding=\u00a0\u00bb3px|0px||||\u00a0\u00bb global_colors_info=\u00a0\u00bb{}\u00a0\u00bb][et_pb_row column_structure=\u00a0\u00bb2_3,1_3&Prime; module_class=\u00a0\u00bbinline-items\u00a0\u00bb _builder_version=\u00a0\u00bb4.22.1&Prime; _module_preset=\u00a0\u00bbdefault\u00a0\u00bb custom_padding=\u00a0\u00bb40px||0px|||\u00a0\u00bb global_colors_info=\u00a0\u00bb{}\u00a0\u00bb][et_pb_column type=\u00a0\u00bb2_3&Prime; module_class=\u00a0\u00bbinline-items-row center\u00a0\u00bb _builder_version=\u00a0\u00bb4.22.1&Prime; _module_preset=\u00a0\u00bbdefault\u00a0\u00bb global_colors_info=\u00a0\u00bb{}\u00a0\u00bb][et_pb_text _builder_version=\u00a0\u00bb4.22.1&Prime; _module_preset=\u00a0\u00bbdefault\u00a0\u00bb custom_padding=\u00a0\u00bb29px|0px||||\u00a0\u00bb global_colors_info=\u00a0\u00bb{}\u00a0\u00bb]<\/p>\n<h2>Entretien et service au plus<br \/>\nhaut niveau<\/h2>\n<p>Chaque installation de \u2018FRYER\u2019 est con\u00e7ue et d\u00e9velopp\u00e9e avec le plus grand soin. C&rsquo;est pourquoi nous aimons poursuivre notre passion pour la qualit\u00e9 et la perfection dans notre service apr\u00e8s-vente. Pour le service et les pannes \u00e9ventuelles, nous travaillons avec des d\u00e9partements de service op\u00e9rant dans tout le pays : une s\u00e9lection fixe de partenaires form\u00e9s et certifi\u00e9s qui connaissent parfaitement la technologie \u2018FRYER\u2019 et peuvent \u00eatre rapidement sur place. Entretien, diagnostic et r\u00e9parations: tout est selon les normes \u00e9lev\u00e9es de \u201cThe FRYER Company\u201d. Avec le sens du d\u00e9tail. C&rsquo;est ainsi que nous maintenons les friteuses de nos clients en parfait \u00e9tat. Et n&rsquo;avons-nous pas mentionn\u00e9 la garantie standard de 2 ans sur les pi\u00e8ces, de 5 ans sur les cuves \u00e0 gaz et de 7 ans sur nos cuves \u00e9lectriques en acier inoxydable?[\/et_pb_text][\/et_pb_column][et_pb_column type=\u00a0\u00bb1_3&Prime; _builder_version=\u00a0\u00bb4.22.1&Prime; _module_preset=\u00a0\u00bbdefault\u00a0\u00bb global_colors_info=\u00a0\u00bb{}\u00a0\u00bb][et_pb_image src=\u00a0\u00bbhttps:\/\/thefryercompany.com\/wp-content\/uploads\/2023\/10\/service-onderhoud-en-service.jpg\u00a0\u00bb title_text=\u00a0\u00bbservice-onderhoud-en-service\u00a0\u00bb align=\u00a0\u00bbright\u00a0\u00bb align_tablet=\u00a0\u00bbcenter\u00a0\u00bb align_phone=\u00a0\u00bbcenter\u00a0\u00bb align_last_edited=\u00a0\u00bbon|tablet\u00a0\u00bb _builder_version=\u00a0\u00bb4.22.1&Prime; _module_preset=\u00a0\u00bbdefault\u00a0\u00bb width=\u00a0\u00bb250px\u00a0\u00bb width_tablet=\u00a0\u00bb100%\u00a0\u00bb width_phone=\u00a0\u00bb100%\u00a0\u00bb width_last_edited=\u00a0\u00bbon|phone\u00a0\u00bb module_alignment=\u00a0\u00bbright\u00a0\u00bb custom_margin=\u00a0\u00bb||||false|false\u00a0\u00bb custom_padding=\u00a0\u00bb||||false|false\u00a0\u00bb module_alignment_tablet=\u00a0\u00bbcenter\u00a0\u00bb module_alignment_phone=\u00a0\u00bbcenter\u00a0\u00bb module_alignment_last_edited=\u00a0\u00bbon|tablet\u00a0\u00bb global_colors_info=\u00a0\u00bb{}\u00a0\u00bb][\/et_pb_image][\/et_pb_column][\/et_pb_row][\/et_pb_section][et_pb_section fb_built=\u00a0\u00bb1&Prime; _builder_version=\u00a0\u00bb4.22.1&Prime; _module_preset=\u00a0\u00bbdefault\u00a0\u00bb background_color=\u00a0\u00bb#EBEDEF\u00a0\u00bb custom_padding=\u00a0\u00bb0px|0px|0px||false|false\u00a0\u00bb global_colors_info=\u00a0\u00bb{}\u00a0\u00bb][et_pb_row column_structure=\u00a0\u00bb2_5,3_5&Prime; make_equal=\u00a0\u00bbon\u00a0\u00bb _builder_version=\u00a0\u00bb4.22.2&Prime; _module_preset=\u00a0\u00bbdefault\u00a0\u00bb background_color=\u00a0\u00bb#EEF2F5&Prime; width=\u00a0\u00bb100%\u00a0\u00bb max_width=\u00a0\u00bb100%\u00a0\u00bb custom_padding=\u00a0\u00bb0px||0px||false|false\u00a0\u00bb hover_enabled=\u00a0\u00bb0&Prime; global_colors_info=\u00a0\u00bb{}\u00a0\u00bb background_repeat=\u00a0\u00bbrepeat\u00a0\u00bb sticky_enabled=\u00a0\u00bb0&Prime;][et_pb_column type=\u00a0\u00bb2_5&Prime; _builder_version=\u00a0\u00bb4.22.2&Prime; _module_preset=\u00a0\u00bbdefault\u00a0\u00bb background_image=\u00a0\u00bbhttps:\/\/thefryercompany.com\/wp-content\/uploads\/2023\/10\/FRYER-Gecertificeerde-producties.jpg\u00a0\u00bb parallax=\u00a0\u00bbon\u00a0\u00bb custom_padding=\u00a0\u00bb|40px|||false|false\u00a0\u00bb hover_enabled=\u00a0\u00bb0&Prime; global_colors_info=\u00a0\u00bb{}\u00a0\u00bb sticky_enabled=\u00a0\u00bb0&Prime;][\/et_pb_column][et_pb_column type=\u00a0\u00bb3_5&Prime; _builder_version=\u00a0\u00bb4.22.1&Prime; _module_preset=\u00a0\u00bbdefault\u00a0\u00bb custom_padding=\u00a0\u00bb|40px||40px|false|false\u00a0\u00bb global_colors_info=\u00a0\u00bb{}\u00a0\u00bb][et_pb_text _builder_version=\u00a0\u00bb4.22.2&Prime; _module_preset=\u00a0\u00bbdefault\u00a0\u00bb custom_margin=\u00a0\u00bb60px|60px|0px|||\u00a0\u00bb custom_margin_tablet=\u00a0\u00bb|40px|||false|false\u00a0\u00bb custom_margin_phone=\u00a0\u00bb|0px|||false|false\u00a0\u00bb custom_margin_last_edited=\u00a0\u00bbon|phone\u00a0\u00bb custom_padding=\u00a0\u00bb0px||0px||false|false\u00a0\u00bb custom_padding_tablet=\u00a0\u00bb0px||0px||false|false\u00a0\u00bb custom_padding_phone=\u00a0\u00bb0px||0px||false|false\u00a0\u00bb custom_padding_last_edited=\u00a0\u00bbon|desktop\u00a0\u00bb global_colors_info=\u00a0\u00bb{}\u00a0\u00bb]<\/p>\n<h2>Production certifi\u00e9e<\/h2>\n<p><span>Nos cuves de friture certifi\u00e9es<\/span> <span>sont<\/span><span> l\u2019 incarnation de s\u00e9curit\u00e9 et de qualit\u00e9 dans l&rsquo;industrie de la friture. Nous avons veill\u00e9 \u00e0 ce que toutes nos cuves soient conformes aux normes et r\u00e9glementations les plus strictes,  <\/span>en mettant l&rsquo;accent <span>sur les<\/span> <span>tests de gaz.<\/span><\/p>\n<p>[\/et_pb_text][et_pb_accordion open_toggle_background_color=\u00a0\u00bb#EEF2F5&Prime; closed_toggle_background_color=\u00a0\u00bb#EEF2F5&Prime; toggle_icon=\u00a0\u00bb&#x4c;||divi||400&Prime; _builder_version=\u00a0\u00bb4.22.2&Prime; _module_preset=\u00a0\u00bbdefault\u00a0\u00bb toggle_font_size=\u00a0\u00bb18px\u00a0\u00bb custom_margin=\u00a0\u00bb20px|60px|150px||false|false\u00a0\u00bb custom_margin_tablet=\u00a0\u00bb|40px|||false|false\u00a0\u00bb custom_margin_phone=\u00a0\u00bb|0px|||false|false\u00a0\u00bb custom_margin_last_edited=\u00a0\u00bbon|phone\u00a0\u00bb global_colors_info=\u00a0\u00bb{}\u00a0\u00bb][et_pb_accordion_item title=\u00a0\u00bbInspection technique du gaz (GWI) &amp; certificat DVGW\u00a0\u00bb open=\u00a0\u00bbon\u00a0\u00bb _builder_version=\u00a0\u00bb4.22.1&Prime; _module_preset=\u00a0\u00bbdefault\u00a0\u00bb global_colors_info=\u00a0\u00bb{}\u00a0\u00bb]<\/p>\n<p><span>En Allemagne nous avons mis en marche le renomm\u00e9 GWI (\u201cGas- und<\/span> <span>Warme<\/span><span>Institut\u201d) pour l\u2019 inspection technique du gaz de nos cuves de friture. Le GWI est connu pour son expertise et son ind\u00e9pendance en mati\u00e8re de tests et de certification des \u00e9quipements fonctionnant au gaz. Cela signifie que nos cuves ont fait l&rsquo;objet d&rsquo;un contr\u00f4le approfondi en mati\u00e8re de s\u00e9curit\u00e9 et qu&rsquo;elles sont conformes \u00e0 toutes les r\u00e9glementations et normes allemandes pertinentes.  <\/span><\/p>\n<p><span>Comme preuve de cette inspection, nous avons re\u00e7u le certificat de la DVGW (Deutsche Vereinigung des Gas- und Wasserfaches). La DVGW est une organisation renomm\u00e9e charg\u00e9e de promouvoir la technologie du gaz et de l&rsquo;eau. Le certificat qu&rsquo;elle a d\u00e9livr\u00e9 confirme que nos cuves de friture r\u00e9pondent aux exigences de s\u00e9curit\u00e9 et de qualit\u00e9 les plus \u00e9lev\u00e9es en mati\u00e8re d&rsquo;utilisation du gaz.  <\/span><\/p>\n<p><span><\/span><\/p>\n<p>[\/et_pb_accordion_item][et_pb_accordion_item title=\u00a0\u00bbCertification CE\u00a0\u00bb _builder_version=\u00a0\u00bb4.22.1&Prime; _module_preset=\u00a0\u00bbdefault\u00a0\u00bb global_colors_info=\u00a0\u00bb{}\u00a0\u00bb open=\u00a0\u00bboff\u00a0\u00bb]<\/p>\n<p><span>En plus de la certification allemande, nous avons \u00e9galement obtenu la certification CE pour nos produits. Le marquage CE est un marquage de conformit\u00e9 obligatoire au sein de l&rsquo;Espace \u00e9conomique europ\u00e9en (EEE), indiquant que nos chaudi\u00e8res \u00e0 friteuses sont conformes \u00e0 toutes les directives europ\u00e9ennes pertinentes concernant la sant\u00e9, la s\u00e9curit\u00e9 et l&rsquo;environnement. <\/span><\/p>\n<p>[\/et_pb_accordion_item][\/et_pb_accordion][\/et_pb_column][\/et_pb_row][\/et_pb_section][et_pb_section fb_built=\u00a0\u00bb1&Prime; _builder_version=\u00a0\u00bb4.22.1&Prime; _module_preset=\u00a0\u00bbdefault\u00a0\u00bb custom_padding=\u00a0\u00bb0px|||||\u00a0\u00bb global_colors_info=\u00a0\u00bb{}\u00a0\u00bb][et_pb_row _builder_version=\u00a0\u00bb4.22.1&Prime; _module_preset=\u00a0\u00bbdefault\u00a0\u00bb custom_padding=\u00a0\u00bb|||213px||\u00a0\u00bb global_colors_info=\u00a0\u00bb{}\u00a0\u00bb][et_pb_column type=\u00a0\u00bb4_4&Prime; _builder_version=\u00a0\u00bb4.22.1&Prime; _module_preset=\u00a0\u00bbdefault\u00a0\u00bb global_colors_info=\u00a0\u00bb{}\u00a0\u00bb][et_pb_image src=\u00a0\u00bbhttps:\/\/thefryercompany.com\/wp-content\/uploads\/2023\/10\/FRYER-company-beeldmerk.png\u00a0\u00bb title_text=\u00a0\u00bbFRYER-company-beeldmerk\u00a0\u00bb show_bottom_space=\u00a0\u00bboff\u00a0\u00bb _builder_version=\u00a0\u00bb4.22.1&Prime; _module_preset=\u00a0\u00bbdefault\u00a0\u00bb width=\u00a0\u00bb180px\u00a0\u00bb module_alignment=\u00a0\u00bbleft\u00a0\u00bb custom_margin=\u00a0\u00bb-150px|||137px|false|false\u00a0\u00bb custom_padding=\u00a0\u00bb||30px|0px|false|false\u00a0\u00bb sticky_limit_bottom=\u00a0\u00bbbody\u00a0\u00bb scroll_vertical_motion_enable=\u00a0\u00bbon\u00a0\u00bb scroll_fade=\u00a0\u00bb0|38|38|100|0|100|100%\u00a0\u00bb global_colors_info=\u00a0\u00bb{}\u00a0\u00bb][\/et_pb_image][\/et_pb_column][\/et_pb_row][\/et_pb_section]<\/p>\n","protected":false},"excerpt":{"rendered":"<p>La garantie d&rsquo;une installation de friture fiableEntretien et service au plus haut niveau Chaque installation de \u2018FRYER\u2019 est con\u00e7ue et d\u00e9velopp\u00e9e avec le plus grand soin. C&rsquo;est pourquoi nous aimons poursuivre notre passion pour la qualit\u00e9 et la perfection dans notre service apr\u00e8s-vente. Pour le service et les pannes \u00e9ventuelles, nous travaillons avec des d\u00e9partements [&hellip;]<\/p>\n","protected":false},"author":1,"featured_media":0,"parent":0,"menu_order":0,"comment_status":"closed","ping_status":"closed","template":"","meta":{"_et_pb_use_builder":"on","_et_pb_old_content":"","_et_gb_content_width":"","footnotes":""},"class_list":["post-1424","page","type-page","status-publish","hentry"],"yoast_head":"<!-- This site is optimized with the Yoast SEO plugin v27.1.1 - https:\/\/yoast.com\/product\/yoast-seo-wordpress\/ -->\n<title>Service - The Fryer Company<\/title>\n<meta name=\"robots\" content=\"index, follow, max-snippet:-1, max-image-preview:large, max-video-preview:-1\" \/>\n<link rel=\"canonical\" href=\"https:\/\/thefryercompany.com\/fr\/service\/\" \/>\n<meta property=\"og:locale\" content=\"fr_FR\" \/>\n<meta property=\"og:type\" content=\"article\" \/>\n<meta property=\"og:title\" content=\"Service - The Fryer Company\" \/>\n<meta property=\"og:description\" content=\"La garantie d&#039;une installation de friture fiableEntretien et service au plus haut niveau Chaque installation de \u2018FRYER\u2019 est con\u00e7ue et d\u00e9velopp\u00e9e avec le plus grand soin. C&#039;est pourquoi nous aimons poursuivre notre passion pour la qualit\u00e9 et la perfection dans notre service apr\u00e8s-vente. Pour le service et les pannes \u00e9ventuelles, nous travaillons avec des d\u00e9partements [&hellip;]\" \/>\n<meta property=\"og:url\" content=\"https:\/\/thefryercompany.com\/fr\/service\/\" \/>\n<meta property=\"og:site_name\" content=\"The Fryer Company\" \/>\n<meta property=\"article:publisher\" content=\"https:\/\/www.facebook.com\/thefryercompany\/\" \/>\n<meta property=\"article:modified_time\" content=\"2023-12-11T13:42:29+00:00\" \/>\n<meta name=\"twitter:card\" content=\"summary_large_image\" \/>\n<meta name=\"twitter:label1\" content=\"Dur\u00e9e de lecture estim\u00e9e\" \/>\n\t<meta name=\"twitter:data1\" content=\"6 minutes\" \/>\n<script type=\"application\/ld+json\" class=\"yoast-schema-graph\">{\"@context\":\"https:\/\/schema.org\",\"@graph\":[{\"@type\":\"WebPage\",\"@id\":\"https:\/\/thefryercompany.com\/fr\/service\/\",\"url\":\"https:\/\/thefryercompany.com\/fr\/service\/\",\"name\":\"Service - The Fryer Company\",\"isPartOf\":{\"@id\":\"https:\/\/thefryercompany.com\/fr\/#website\"},\"datePublished\":\"2023-10-06T15:04:12+00:00\",\"dateModified\":\"2023-12-11T13:42:29+00:00\",\"breadcrumb\":{\"@id\":\"https:\/\/thefryercompany.com\/fr\/service\/#breadcrumb\"},\"inLanguage\":\"fr-FR\",\"potentialAction\":[{\"@type\":\"ReadAction\",\"target\":[\"https:\/\/thefryercompany.com\/fr\/service\/\"]}]},{\"@type\":\"BreadcrumbList\",\"@id\":\"https:\/\/thefryercompany.com\/fr\/service\/#breadcrumb\",\"itemListElement\":[{\"@type\":\"ListItem\",\"position\":1,\"name\":\"Home\",\"item\":\"https:\/\/thefryercompany.com\/fr\/\"},{\"@type\":\"ListItem\",\"position\":2,\"name\":\"Service\"}]},{\"@type\":\"WebSite\",\"@id\":\"https:\/\/thefryercompany.com\/fr\/#website\",\"url\":\"https:\/\/thefryercompany.com\/fr\/\",\"name\":\"The Fryer Company\",\"description\":\"Maakt frituren geweldig\",\"publisher\":{\"@id\":\"https:\/\/thefryercompany.com\/fr\/#organization\"},\"potentialAction\":[{\"@type\":\"SearchAction\",\"target\":{\"@type\":\"EntryPoint\",\"urlTemplate\":\"https:\/\/thefryercompany.com\/fr\/?s={search_term_string}\"},\"query-input\":{\"@type\":\"PropertyValueSpecification\",\"valueRequired\":true,\"valueName\":\"search_term_string\"}}],\"inLanguage\":\"fr-FR\"},{\"@type\":\"Organization\",\"@id\":\"https:\/\/thefryercompany.com\/fr\/#organization\",\"name\":\"The Fryer Company\",\"url\":\"https:\/\/thefryercompany.com\/fr\/\",\"logo\":{\"@type\":\"ImageObject\",\"inLanguage\":\"fr-FR\",\"@id\":\"https:\/\/thefryercompany.com\/fr\/#\/schema\/logo\/image\/\",\"url\":\"https:\/\/thefryercompany.com\/wp-content\/uploads\/2023\/10\/FRYER-company-logo-slogan.png\",\"contentUrl\":\"https:\/\/thefryercompany.com\/wp-content\/uploads\/2023\/10\/FRYER-company-logo-slogan.png\",\"width\":900,\"height\":61,\"caption\":\"The Fryer Company\"},\"image\":{\"@id\":\"https:\/\/thefryercompany.com\/fr\/#\/schema\/logo\/image\/\"},\"sameAs\":[\"https:\/\/www.facebook.com\/thefryercompany\/\",\"https:\/\/www.instagram.com\/thefryercompany\/\",\"https:\/\/www.linkedin.com\/company\/the-fryer-company\"]}]}<\/script>\n<!-- \/ Yoast SEO plugin. -->","yoast_head_json":{"title":"Service - The Fryer Company","robots":{"index":"index","follow":"follow","max-snippet":"max-snippet:-1","max-image-preview":"max-image-preview:large","max-video-preview":"max-video-preview:-1"},"canonical":"https:\/\/thefryercompany.com\/fr\/service\/","og_locale":"fr_FR","og_type":"article","og_title":"Service - The Fryer Company","og_description":"La garantie d'une installation de friture fiableEntretien et service au plus haut niveau Chaque installation de \u2018FRYER\u2019 est con\u00e7ue et d\u00e9velopp\u00e9e avec le plus grand soin. C'est pourquoi nous aimons poursuivre notre passion pour la qualit\u00e9 et la perfection dans notre service apr\u00e8s-vente. Pour le service et les pannes \u00e9ventuelles, nous travaillons avec des d\u00e9partements [&hellip;]","og_url":"https:\/\/thefryercompany.com\/fr\/service\/","og_site_name":"The Fryer Company","article_publisher":"https:\/\/www.facebook.com\/thefryercompany\/","article_modified_time":"2023-12-11T13:42:29+00:00","twitter_card":"summary_large_image","twitter_misc":{"Dur\u00e9e de lecture estim\u00e9e":"6 minutes"},"schema":{"@context":"https:\/\/schema.org","@graph":[{"@type":"WebPage","@id":"https:\/\/thefryercompany.com\/fr\/service\/","url":"https:\/\/thefryercompany.com\/fr\/service\/","name":"Service - The Fryer Company","isPartOf":{"@id":"https:\/\/thefryercompany.com\/fr\/#website"},"datePublished":"2023-10-06T15:04:12+00:00","dateModified":"2023-12-11T13:42:29+00:00","breadcrumb":{"@id":"https:\/\/thefryercompany.com\/fr\/service\/#breadcrumb"},"inLanguage":"fr-FR","potentialAction":[{"@type":"ReadAction","target":["https:\/\/thefryercompany.com\/fr\/service\/"]}]},{"@type":"BreadcrumbList","@id":"https:\/\/thefryercompany.com\/fr\/service\/#breadcrumb","itemListElement":[{"@type":"ListItem","position":1,"name":"Home","item":"https:\/\/thefryercompany.com\/fr\/"},{"@type":"ListItem","position":2,"name":"Service"}]},{"@type":"WebSite","@id":"https:\/\/thefryercompany.com\/fr\/#website","url":"https:\/\/thefryercompany.com\/fr\/","name":"The Fryer Company","description":"Maakt frituren geweldig","publisher":{"@id":"https:\/\/thefryercompany.com\/fr\/#organization"},"potentialAction":[{"@type":"SearchAction","target":{"@type":"EntryPoint","urlTemplate":"https:\/\/thefryercompany.com\/fr\/?s={search_term_string}"},"query-input":{"@type":"PropertyValueSpecification","valueRequired":true,"valueName":"search_term_string"}}],"inLanguage":"fr-FR"},{"@type":"Organization","@id":"https:\/\/thefryercompany.com\/fr\/#organization","name":"The Fryer Company","url":"https:\/\/thefryercompany.com\/fr\/","logo":{"@type":"ImageObject","inLanguage":"fr-FR","@id":"https:\/\/thefryercompany.com\/fr\/#\/schema\/logo\/image\/","url":"https:\/\/thefryercompany.com\/wp-content\/uploads\/2023\/10\/FRYER-company-logo-slogan.png","contentUrl":"https:\/\/thefryercompany.com\/wp-content\/uploads\/2023\/10\/FRYER-company-logo-slogan.png","width":900,"height":61,"caption":"The Fryer Company"},"image":{"@id":"https:\/\/thefryercompany.com\/fr\/#\/schema\/logo\/image\/"},"sameAs":["https:\/\/www.facebook.com\/thefryercompany\/","https:\/\/www.instagram.com\/thefryercompany\/","https:\/\/www.linkedin.com\/company\/the-fryer-company"]}]}},"_links":{"self":[{"href":"https:\/\/thefryercompany.com\/fr\/wp-json\/wp\/v2\/pages\/1424","targetHints":{"allow":["GET"]}}],"collection":[{"href":"https:\/\/thefryercompany.com\/fr\/wp-json\/wp\/v2\/pages"}],"about":[{"href":"https:\/\/thefryercompany.com\/fr\/wp-json\/wp\/v2\/types\/page"}],"author":[{"embeddable":true,"href":"https:\/\/thefryercompany.com\/fr\/wp-json\/wp\/v2\/users\/1"}],"replies":[{"embeddable":true,"href":"https:\/\/thefryercompany.com\/fr\/wp-json\/wp\/v2\/comments?post=1424"}],"version-history":[{"count":9,"href":"https:\/\/thefryercompany.com\/fr\/wp-json\/wp\/v2\/pages\/1424\/revisions"}],"predecessor-version":[{"id":1535,"href":"https:\/\/thefryercompany.com\/fr\/wp-json\/wp\/v2\/pages\/1424\/revisions\/1535"}],"wp:attachment":[{"href":"https:\/\/thefryercompany.com\/fr\/wp-json\/wp\/v2\/media?parent=1424"}],"curies":[{"name":"wp","href":"https:\/\/api.w.org\/{rel}","templated":true}]}}