{"id":1438,"date":"2023-10-09T09:02:53","date_gmt":"2023-10-09T07:02:53","guid":{"rendered":"https:\/\/thefryercompany.com\/le-bras-fryer-cobot\/"},"modified":"2025-12-08T15:22:49","modified_gmt":"2025-12-08T13:22:49","slug":"le-bras-fryer-cobot","status":"publish","type":"page","link":"https:\/\/thefryercompany.com\/fr\/le-bras-fryer-cobot\/","title":{"rendered":"FRYER Automation"},"content":{"rendered":"<p>[et_pb_section fb_built=\u00a0\u00bb1&Prime; _builder_version=\u00a0\u00bb4.22.1&Prime; _module_preset=\u00a0\u00bbdefault\u00a0\u00bb custom_padding=\u00a0\u00bb0px||2px|||\u00a0\u00bb global_colors_info=\u00a0\u00bb{}\u00a0\u00bb][et_pb_row column_structure=\u00a0\u00bb1_2,1_2&Prime; module_class=\u00a0\u00bbinline-items\u00a0\u00bb _builder_version=\u00a0\u00bb4.22.1&Prime; _module_preset=\u00a0\u00bbdefault\u00a0\u00bb custom_padding=\u00a0\u00bb||0px|||\u00a0\u00bb global_colors_info=\u00a0\u00bb{}\u00a0\u00bb][et_pb_column type=\u00a0\u00bb1_2&Prime; module_class=\u00a0\u00bbinline-items-row\u00a0\u00bb _builder_version=\u00a0\u00bb4.22.1&Prime; _module_preset=\u00a0\u00bbdefault\u00a0\u00bb custom_padding=\u00a0\u00bb|40px|||false|false\u00a0\u00bb global_colors_info=\u00a0\u00bb{}\u00a0\u00bb][et_pb_text _builder_version=\u00a0\u00bb4.22.2&Prime; _module_preset=\u00a0\u00bbdefault\u00a0\u00bb header_font=\u00a0\u00bbBarlow Semi Condensed||||||||\u00a0\u00bb header_font_size=\u00a0\u00bb52px\u00a0\u00bb header_2_font_size=\u00a0\u00bb40px\u00a0\u00bb custom_margin=\u00a0\u00bb0px||30px||false|false\u00a0\u00bb custom_padding=\u00a0\u00bb60px|||||\u00a0\u00bb global_colors_info=\u00a0\u00bb{}\u00a0\u00bb]<\/p>\n<h1><span class=\"orange\">FRYER<\/span> Automation<\/h1>\n<h2 class=\"landing-subtitle\">Le syst\u00e8me d&rsquo;automatisation r\u00e9volutionnaire<br \/>pour la friture des frites<br \/>Le syst\u00e8me d&rsquo;automatisation r\u00e9volutionnaire pour la friture des frites<\/h2>\n<p>Imaginez : un syst\u00e8me de friture qui non seulement garantit une cuisson parfaite des frites, mais qui utilise \u00e9galement une technologie de pointe. Le FRYER Automation est un syst\u00e8me de friture automatis\u00e9 qui \u00e9l\u00e8ve la friture \u00e0 un tout nouveau niveau d&rsquo;efficacit\u00e9 et de pr\u00e9cision. Le syst\u00e8me de dosage est r\u00e9gl\u00e9 avec pr\u00e9cision pour fournir des portions uniformes de frites fra\u00eeches.  <\/p>\n<p>[\/et_pb_text][et_pb_button button_url=\u00a0\u00bbhttps:\/\/thefryercompany.com\/fr\/contact\/\u00a0\u00bb button_text=\u00a0\u00bbPrenez rendez-vous pour une d\u00e9monstration\u00a0\u00bb module_class=\u00a0\u00bbinline-btn action-btn orange arrow-left et-lb-btn-1&Prime; _builder_version=\u00a0\u00bb4.27.2&Prime; _module_preset=\u00a0\u00bb1afce4f2-37ad-4eab-b25e-c08ecdedba19&Prime; custom_padding=\u00a0\u00bb8px|31px|8px|31px|true|false\u00a0\u00bb global_colors_info=\u00a0\u00bb{}\u00a0\u00bb][\/et_pb_button][\/et_pb_column][et_pb_column type=\u00a0\u00bb1_2&Prime; module_class=\u00a0\u00bbinline-items-row\u00a0\u00bb _builder_version=\u00a0\u00bb4.22.1&Prime; _module_preset=\u00a0\u00bbdefault\u00a0\u00bb global_colors_info=\u00a0\u00bb{}\u00a0\u00bb][et_pb_image title_text=\u00a0\u00bbVooraanzicht\u00a0\u00bb align_tablet=\u00a0\u00bbcenter\u00a0\u00bb align_phone=\u00a0\u00bbcenter\u00a0\u00bb align_last_edited=\u00a0\u00bbon|phone\u00a0\u00bb _builder_version=\u00a0\u00bb4.27.4&Prime; _module_preset=\u00a0\u00bbdefault\u00a0\u00bb module_alignment=\u00a0\u00bbleft\u00a0\u00bb max_height=\u00a0\u00bb450px\u00a0\u00bb max_height_tablet=\u00a0\u00bb300px\u00a0\u00bb max_height_phone=\u00a0\u00bb250px\u00a0\u00bb max_height_last_edited=\u00a0\u00bbon|phone\u00a0\u00bb custom_margin=\u00a0\u00bb|0px|||false|false\u00a0\u00bb custom_padding=\u00a0\u00bb|0px|||false|false\u00a0\u00bb hover_enabled=\u00a0\u00bb0&Prime; module_alignment_last_edited=\u00a0\u00bboff|tablet\u00a0\u00bb global_colors_info=\u00a0\u00bb{}\u00a0\u00bb sticky_enabled=\u00a0\u00bb0&Prime; src=\u00a0\u00bbhttps:\/\/thefryercompany.com\/wp-content\/uploads\/2025\/12\/Vooraanzicht-scaled.png\u00a0\u00bb][\/et_pb_image][et_pb_image src=\u00a0\u00bbhttps:\/\/thefryercompany.com\/wp-content\/uploads\/2023\/10\/FRYER-company-beeldmerk.png\u00a0\u00bb title_text=\u00a0\u00bbFRYER-company-beeldmerk\u00a0\u00bb _builder_version=\u00a0\u00bb4.22.1&Prime; _module_preset=\u00a0\u00bbdefault\u00a0\u00bb width=\u00a0\u00bb190px\u00a0\u00bb width_tablet=\u00a0\u00bb150px\u00a0\u00bb width_phone=\u00a0\u00bb120px\u00a0\u00bb width_last_edited=\u00a0\u00bbon|phone\u00a0\u00bb module_alignment=\u00a0\u00bbleft\u00a0\u00bb custom_margin=\u00a0\u00bb-40px|0px||0px|false|false\u00a0\u00bb custom_padding=\u00a0\u00bb||||false|false\u00a0\u00bb scroll_vertical_motion_enable=\u00a0\u00bbon\u00a0\u00bb global_colors_info=\u00a0\u00bb{}\u00a0\u00bb][\/et_pb_image][\/et_pb_column][\/et_pb_row][et_pb_row column_structure=\u00a0\u00bb1_2,1_2&Prime; module_class=\u00a0\u00bbinline-items center\u00a0\u00bb _builder_version=\u00a0\u00bb4.22.1&Prime; _module_preset=\u00a0\u00bbdefault\u00a0\u00bb custom_padding=\u00a0\u00bb||0px|||\u00a0\u00bb global_colors_info=\u00a0\u00bb{}\u00a0\u00bb][et_pb_column type=\u00a0\u00bb1_2&Prime; module_class=\u00a0\u00bbinline-items-row center\u00a0\u00bb _builder_version=\u00a0\u00bb4.22.1&Prime; _module_preset=\u00a0\u00bbdefault\u00a0\u00bb global_colors_info=\u00a0\u00bb{}\u00a0\u00bb][et_pb_image title_text=\u00a0\u00bbIso_aanzicht_links\u00a0\u00bb _builder_version=\u00a0\u00bb4.27.4&Prime; _module_preset=\u00a0\u00bbdefault\u00a0\u00bb hover_enabled=\u00a0\u00bb0&Prime; global_colors_info=\u00a0\u00bb{}\u00a0\u00bb src=\u00a0\u00bbhttps:\/\/thefryercompany.com\/wp-content\/uploads\/2025\/12\/Iso_aanzicht_links-scaled.png\u00a0\u00bb sticky_enabled=\u00a0\u00bb0&Prime;][\/et_pb_image][\/et_pb_column][et_pb_column type=\u00a0\u00bb1_2&Prime; module_class=\u00a0\u00bbinline-items-row center\u00a0\u00bb _builder_version=\u00a0\u00bb4.22.1&Prime; _module_preset=\u00a0\u00bbdefault\u00a0\u00bb global_colors_info=\u00a0\u00bb{}\u00a0\u00bb][et_pb_text _builder_version=\u00a0\u00bb4.22.1&Prime; _module_preset=\u00a0\u00bbdefault\u00a0\u00bb custom_padding=\u00a0\u00bb0px|||||\u00a0\u00bb global_colors_info=\u00a0\u00bb{}\u00a0\u00bb]<\/p>\n<h2>Une pr\u00e9cision s\u00fbre<\/h2>\n<p>Ce syst\u00e8me innovant commence par un syst\u00e8me de dosage intelligent qui distribue avec pr\u00e9cision la quantit\u00e9 ad\u00e9quate de frites fra\u00eeches dans les paniers.<br \/>C&rsquo;est ensuite que la FRYER Automation entre en action.<span style=\"font-size: 19px;\"> <\/span>\u00c9quip\u00e9 de capteurs avanc\u00e9s et d&rsquo;une prise d\u00e9licate, le syst\u00e8me place <span style=\"font-size: 19px;\">les paniers de frites dans la friteuse d&rsquo;une mani\u00e8re parfaite et contr\u00f4l\u00e9e. Le <\/span>FRYER Automation est sp\u00e9cialement con\u00e7u pour effectuer chaque mouvement avec pr\u00e9cision, afin que les paniers \u00e0 friture soient parfaitement immerg\u00e9s dans l&rsquo;huile pour un r\u00e9sultat de cuisson uniforme et dor\u00e9.<\/p>\n<p>[\/et_pb_text][\/et_pb_column][\/et_pb_row][\/et_pb_section][et_pb_section fb_built=\u00a0\u00bb1&Prime; module_class=\u00a0\u00bbet-lb-content-1&Prime; _builder_version=\u00a0\u00bb4.27.4&Prime; _module_preset=\u00a0\u00bbdefault\u00a0\u00bb background_color=\u00a0\u00bbrgba(0,0,0,0.7)\u00a0\u00bb custom_padding=\u00a0\u00bb80px||80px|||\u00a0\u00bb hover_enabled=\u00a0\u00bb0&Prime; global_colors_info=\u00a0\u00bb{}\u00a0\u00bb link_option_url=\u00a0\u00bbhttps:\/\/youtu.be\/JQZxtHv4XWo\u00a0\u00bb sticky_enabled=\u00a0\u00bb0&Prime;][et_pb_row _builder_version=\u00a0\u00bb4.22.2&Prime; _module_preset=\u00a0\u00bbdefault\u00a0\u00bb global_colors_info=\u00a0\u00bb{}\u00a0\u00bb][et_pb_column type=\u00a0\u00bb4_4&Prime; _builder_version=\u00a0\u00bb4.22.2&Prime; _module_preset=\u00a0\u00bbdefault\u00a0\u00bb global_colors_info=\u00a0\u00bb{}\u00a0\u00bb][et_pb_code _builder_version=\u00a0\u00bb4.27.4&Prime; _module_preset=\u00a0\u00bbdefault\u00a0\u00bb hover_enabled=\u00a0\u00bb0&Prime; global_colors_info=\u00a0\u00bb{}\u00a0\u00bb link_option_url=\u00a0\u00bbhttps:\/\/youtu.be\/JQZxtHv4XWo\u00a0\u00bb sticky_enabled=\u00a0\u00bb0&Prime;]<iframe loading=\"lazy\" id=\"youtube_player\" class=\"yt_player_iframe\" width=\"640\" height=\"360\" src=\"https:\/\/www.youtube.com\/embed\/mLpHWf-EjoY?si=aqkC72m7FdK82Ab1&amp;enablejsapi=1&amp;version=3&amp;playerapiid=ytplayer\" allowfullscreen=\"true\" allowscriptaccess=\"always\" frameborder=\"0\"><\/iframe>[\/et_pb_code][\/et_pb_column][\/et_pb_row][\/et_pb_section][et_pb_section fb_built=\u00a0\u00bb1&Prime; _builder_version=\u00a0\u00bb4.22.1&Prime; _module_preset=\u00a0\u00bbdefault\u00a0\u00bb background_enable_image=\u00a0\u00bboff\u00a0\u00bb background_size=\u00a0\u00bbcustom\u00a0\u00bb background_image_width=\u00a0\u00bb200px\u00a0\u00bb background_position=\u00a0\u00bbtop_left\u00a0\u00bb custom_padding=\u00a0\u00bb0px||0px|||\u00a0\u00bb global_colors_info=\u00a0\u00bb{}\u00a0\u00bb][et_pb_row custom_padding_last_edited=\u00a0\u00bbon|tablet\u00a0\u00bb _builder_version=\u00a0\u00bb4.22.1&Prime; _module_preset=\u00a0\u00bbdefault\u00a0\u00bb custom_padding=\u00a0\u00bb|0px|60px|||\u00a0\u00bb custom_padding_tablet=\u00a0\u00bb|40px||40px|false|true\u00a0\u00bb custom_padding_phone=\u00a0\u00bb|40px||40px|false|true\u00a0\u00bb global_colors_info=\u00a0\u00bb{}\u00a0\u00bb][et_pb_column type=\u00a0\u00bb4_4&Prime; _builder_version=\u00a0\u00bb4.22.1&Prime; _module_preset=\u00a0\u00bbdefault\u00a0\u00bb global_colors_info=\u00a0\u00bb{}\u00a0\u00bb][et_pb_text _builder_version=\u00a0\u00bb4.22.1&Prime; _module_preset=\u00a0\u00bbdefault\u00a0\u00bb text_text_color=\u00a0\u00bb#4C6970&Prime; text_orientation=\u00a0\u00bbcenter\u00a0\u00bb custom_margin=\u00a0\u00bb30px|-30px||-30px|false|true\u00a0\u00bb custom_padding=\u00a0\u00bb|0px||0px|false|false\u00a0\u00bb global_colors_info=\u00a0\u00bb{}\u00a0\u00bb]<\/p>\n<h3 class=\"orange\">Laissez FRYER Automation faire le travail \u00e0 votre place<br \/>afin que vos clients puissent d\u00e9guster de d\u00e9licieuses frites cuites \u00e0 la perfection.<\/h3>\n<p>[\/et_pb_text][\/et_pb_column][\/et_pb_row][et_pb_row column_structure=\u00a0\u00bb3_5,2_5&Prime; module_class=\u00a0\u00bbinline-items\u00a0\u00bb _builder_version=\u00a0\u00bb4.22.1&Prime; _module_preset=\u00a0\u00bbdefault\u00a0\u00bb custom_padding=\u00a0\u00bb||0px|||\u00a0\u00bb global_colors_info=\u00a0\u00bb{}\u00a0\u00bb][et_pb_column type=\u00a0\u00bb3_5&Prime; module_class=\u00a0\u00bbinline-items-row\u00a0\u00bb _builder_version=\u00a0\u00bb4.22.1&Prime; _module_preset=\u00a0\u00bbdefault\u00a0\u00bb custom_padding=\u00a0\u00bb|0px|||false|false\u00a0\u00bb global_colors_info=\u00a0\u00bb{}\u00a0\u00bb][et_pb_text _builder_version=\u00a0\u00bb4.22.1&Prime; _module_preset=\u00a0\u00bbdefault\u00a0\u00bb custom_padding=\u00a0\u00bb0px|||||\u00a0\u00bb global_colors_info=\u00a0\u00bb{}\u00a0\u00bb]<\/p>\n<h2>Efficace et un processus rationalis\u00e9<\/h2>\n<p>Apr\u00e8s un temps de friture optimal, la FRYER Automation<span> les paniers contenant les frites de la friteuse et les secoue d\u00e9licatement pour \u00e9liminer l&rsquo;exc\u00e8s d&rsquo;huile. Ensuite, les frites croustillantes sont <\/span><span> automatiquement <\/span><span>vers le bac de d\u00e9chargement, pr\u00eats \u00e0 \u00eatre servis au client. Cela garantit un processus efficace et rationalis\u00e9, chaque \u00e9tape \u00e9tant soigneusement ex\u00e9cut\u00e9e \u00e0 l&rsquo;aide d&rsquo;une technologie de pointe. <\/span><\/p>\n<p>[\/et_pb_text][\/et_pb_column][et_pb_column type=\u00a0\u00bb2_5&Prime; module_class=\u00a0\u00bbinline-items-row\u00a0\u00bb _builder_version=\u00a0\u00bb4.22.1&Prime; _module_preset=\u00a0\u00bbdefault\u00a0\u00bb global_colors_info=\u00a0\u00bb{}\u00a0\u00bb][et_pb_image src=\u00a0\u00bbhttps:\/\/thefryercompany.com\/wp-content\/uploads\/2023\/10\/Cobot-arm_patat.jpg\u00a0\u00bb title_text=\u00a0\u00bbPotato,Fry,On,White,Isolated,Background\u00a0\u00bb _builder_version=\u00a0\u00bb4.22.1&Prime; _module_preset=\u00a0\u00bbdefault\u00a0\u00bb module_alignment=\u00a0\u00bbleft\u00a0\u00bb max_height=\u00a0\u00bb451px\u00a0\u00bb custom_margin=\u00a0\u00bb|0px|||false|false\u00a0\u00bb custom_padding=\u00a0\u00bb|0px|||false|false\u00a0\u00bb global_colors_info=\u00a0\u00bb{}\u00a0\u00bb][\/et_pb_image][\/et_pb_column][\/et_pb_row][\/et_pb_section][et_pb_section fb_built=\u00a0\u00bb1&Prime; _builder_version=\u00a0\u00bb4.22.1&Prime; _module_preset=\u00a0\u00bbdefault\u00a0\u00bb custom_padding=\u00a0\u00bb1px||0px|||\u00a0\u00bb global_colors_info=\u00a0\u00bb{}\u00a0\u00bb][et_pb_row column_structure=\u00a0\u00bb2_5,3_5&Prime; use_custom_gutter=\u00a0\u00bbon\u00a0\u00bb gutter_width=\u00a0\u00bb4&Prime; make_equal=\u00a0\u00bbon\u00a0\u00bb _builder_version=\u00a0\u00bb4.22.1&Prime; _module_preset=\u00a0\u00bbdefault\u00a0\u00bb global_colors_info=\u00a0\u00bb{}\u00a0\u00bb][et_pb_column type=\u00a0\u00bb2_5&Prime; _builder_version=\u00a0\u00bb4.22.1&Prime; _module_preset=\u00a0\u00bbdefault\u00a0\u00bb global_colors_info=\u00a0\u00bb{}\u00a0\u00bb][et_pb_image title_text=\u00a0\u00bbIso_aanzicht_rechts\u00a0\u00bb _builder_version=\u00a0\u00bb4.27.4&Prime; _module_preset=\u00a0\u00bbdefault\u00a0\u00bb hover_enabled=\u00a0\u00bb0&Prime; global_colors_info=\u00a0\u00bb{}\u00a0\u00bb src=\u00a0\u00bbhttps:\/\/thefryercompany.com\/wp-content\/uploads\/2025\/12\/Iso_aanzicht_rechts-scaled.png\u00a0\u00bb sticky_enabled=\u00a0\u00bb0&Prime;][\/et_pb_image][\/et_pb_column][et_pb_column type=\u00a0\u00bb3_5&Prime; _builder_version=\u00a0\u00bb4.22.1&Prime; _module_preset=\u00a0\u00bbdefault\u00a0\u00bb global_colors_info=\u00a0\u00bb{}\u00a0\u00bb][et_pb_text _builder_version=\u00a0\u00bb4.22.1&Prime; _module_preset=\u00a0\u00bbdefault\u00a0\u00bb width=\u00a0\u00bb100%\u00a0\u00bb custom_padding=\u00a0\u00bb30px|||||\u00a0\u00bb global_colors_info=\u00a0\u00bb{}\u00a0\u00bb]<\/p>\n<h2>Hygi\u00e8ne et s\u00e9curit\u00e9<\/h2>\n<p>Outre une am\u00e9lioration significative en termes de rapidit\u00e9 et de r\u00e9gularit\u00e9 de la friture, le syst\u00e8me FRYER Automation offre \u00e9galement des avantages en mati\u00e8re d&rsquo;hygi\u00e8ne et de s\u00e9curit\u00e9. L&rsquo;environnement de travail contr\u00f4l\u00e9 et automatis\u00e9 r\u00e9duit consid\u00e9rablement le risque d&rsquo;accidents. De plus, le syst\u00e8me FRYER Automation est facile \u00e0 nettoyer et \u00e0 entretenir, ce qui garantit un environnement de travail hygi\u00e9nique optimal.  <\/p>\n<p>[\/et_pb_text][\/et_pb_column][\/et_pb_row][et_pb_row _builder_version=\u00a0\u00bb4.22.1&Prime; _module_preset=\u00a0\u00bbdefault\u00a0\u00bb custom_padding=\u00a0\u00bb60px||0px|||\u00a0\u00bb global_colors_info=\u00a0\u00bb{}\u00a0\u00bb][et_pb_column type=\u00a0\u00bb4_4&Prime; _builder_version=\u00a0\u00bb4.22.1&Prime; _module_preset=\u00a0\u00bbdefault\u00a0\u00bb global_colors_info=\u00a0\u00bb{}\u00a0\u00bb][et_pb_divider divider_weight=\u00a0\u00bb3px\u00a0\u00bb _builder_version=\u00a0\u00bb4.22.1&Prime; _module_preset=\u00a0\u00bbdefault\u00a0\u00bb max_width=\u00a0\u00bb30%\u00a0\u00bb module_alignment=\u00a0\u00bbcenter\u00a0\u00bb global_colors_info=\u00a0\u00bb{}\u00a0\u00bb][\/et_pb_divider][\/et_pb_column][\/et_pb_row][\/et_pb_section][et_pb_section fb_built=\u00a0\u00bb1&Prime; _builder_version=\u00a0\u00bb4.22.1&Prime; _module_preset=\u00a0\u00bbdefault\u00a0\u00bb background_color=\u00a0\u00bbRGBA(255,255,255,0)\u00a0\u00bb background_enable_image=\u00a0\u00bboff\u00a0\u00bb background_enable_video_mp4=\u00a0\u00bboff\u00a0\u00bb custom_padding=\u00a0\u00bb0px||2px|||\u00a0\u00bb global_colors_info=\u00a0\u00bb{}\u00a0\u00bb][et_pb_row _builder_version=\u00a0\u00bb4.22.1&Prime; _module_preset=\u00a0\u00bbdefault\u00a0\u00bb custom_padding=\u00a0\u00bb2px||80px|||\u00a0\u00bb global_colors_info=\u00a0\u00bb{}\u00a0\u00bb][et_pb_column type=\u00a0\u00bb4_4&Prime; _builder_version=\u00a0\u00bb4.22.1&Prime; _module_preset=\u00a0\u00bbdefault\u00a0\u00bb global_colors_info=\u00a0\u00bb{}\u00a0\u00bb][et_pb_text _builder_version=\u00a0\u00bb4.22.1&Prime; _module_preset=\u00a0\u00bbdefault\u00a0\u00bb text_orientation=\u00a0\u00bbcenter\u00a0\u00bb custom_margin=\u00a0\u00bb||30px|||\u00a0\u00bb custom_padding=\u00a0\u00bb0px||29px||false|false\u00a0\u00bb global_colors_info=\u00a0\u00bb{}\u00a0\u00bb]<\/p>\n<h2><span style=\"color: #000000;\">D\u00e9monstration FRYER Automation<\/span><\/h2>\n<p><span>Avec FRYER Automation, nous proposons un syst\u00e8me de friture automatis\u00e9 : une solution r\u00e9volutionnaire et efficace pour la friture des frites. Gr\u00e2ce \u00e0 sa pr\u00e9cision, sa rapidit\u00e9 et sa fiabilit\u00e9, ce syst\u00e8me \u00e9l\u00e8ve la qualit\u00e9 du processus de cuisson \u00e0 de nouveaux sommets. Nous comprenons qu&rsquo;un tel achat ne se fait pas \u00e0 la l\u00e9g\u00e8re et que vous souhaitez essayer et tester le syst\u00e8me.   <\/span><strong>Prenez rendez-vous avec l&rsquo;un de nos conseillers pour une d\u00e9monstration du FRYER Automation. <\/strong><\/p>\n<p>[\/et_pb_text][et_pb_button button_url=\u00a0\u00bbhttps:\/\/thefryercompany.com\/fr\/contact\/\u00a0\u00bb button_text=\u00a0\u00bbPrendre rendez-vous\u00a0\u00bb button_alignment=\u00a0\u00bbcenter\u00a0\u00bb _builder_version=\u00a0\u00bb4.22.1&Prime; _module_preset=\u00a0\u00bbe7415aae-4956-4017-b7b3-676bc6e747bc\u00a0\u00bb button_bg_color=\u00a0\u00bb#DE410F\u00a0\u00bb global_colors_info=\u00a0\u00bb{}\u00a0\u00bb][\/et_pb_button][\/et_pb_column][\/et_pb_row][\/et_pb_section]<\/p>\n","protected":false},"excerpt":{"rendered":"<p>FRYER Automation Le syst\u00e8me d&rsquo;automatisation r\u00e9volutionnairepour la friture des fritesLe syst\u00e8me d&rsquo;automatisation r\u00e9volutionnaire pour la friture des frites Imaginez : un syst\u00e8me de friture qui non seulement garantit une cuisson parfaite des frites, mais qui utilise \u00e9galement une technologie de pointe. Le FRYER Automation est un syst\u00e8me de friture automatis\u00e9 qui \u00e9l\u00e8ve la friture \u00e0 [&hellip;]<\/p>\n","protected":false},"author":1,"featured_media":0,"parent":0,"menu_order":0,"comment_status":"closed","ping_status":"closed","template":"","meta":{"_et_pb_use_builder":"on","_et_pb_old_content":"","_et_gb_content_width":"","footnotes":""},"class_list":["post-1438","page","type-page","status-publish","hentry"],"yoast_head":"<!-- This site is optimized with the Yoast SEO plugin v27.1.1 - https:\/\/yoast.com\/product\/yoast-seo-wordpress\/ -->\n<title>FRYER Automation - The Fryer Company<\/title>\n<meta name=\"robots\" content=\"index, follow, max-snippet:-1, max-image-preview:large, max-video-preview:-1\" \/>\n<link rel=\"canonical\" href=\"https:\/\/thefryercompany.com\/fr\/le-bras-fryer-cobot\/\" \/>\n<meta property=\"og:locale\" content=\"fr_FR\" \/>\n<meta property=\"og:type\" content=\"article\" \/>\n<meta property=\"og:title\" content=\"FRYER Automation - The Fryer Company\" \/>\n<meta property=\"og:description\" content=\"FRYER Automation Le syst\u00e8me d&#039;automatisation r\u00e9volutionnairepour la friture des fritesLe syst\u00e8me d&#039;automatisation r\u00e9volutionnaire pour la friture des frites Imaginez : un syst\u00e8me de friture qui non seulement garantit une cuisson parfaite des frites, mais qui utilise \u00e9galement une technologie de pointe. Le FRYER Automation est un syst\u00e8me de friture automatis\u00e9 qui \u00e9l\u00e8ve la friture \u00e0 [&hellip;]\" \/>\n<meta property=\"og:url\" content=\"https:\/\/thefryercompany.com\/fr\/le-bras-fryer-cobot\/\" \/>\n<meta property=\"og:site_name\" content=\"The Fryer Company\" \/>\n<meta property=\"article:publisher\" content=\"https:\/\/www.facebook.com\/thefryercompany\/\" \/>\n<meta property=\"article:modified_time\" content=\"2025-12-08T13:22:49+00:00\" \/>\n<meta name=\"twitter:card\" content=\"summary_large_image\" \/>\n<meta name=\"twitter:label1\" content=\"Dur\u00e9e de lecture estim\u00e9e\" \/>\n\t<meta name=\"twitter:data1\" content=\"8 minutes\" \/>\n<script type=\"application\/ld+json\" class=\"yoast-schema-graph\">{\"@context\":\"https:\/\/schema.org\",\"@graph\":[{\"@type\":\"WebPage\",\"@id\":\"https:\/\/thefryercompany.com\/fr\/le-bras-fryer-cobot\/\",\"url\":\"https:\/\/thefryercompany.com\/fr\/le-bras-fryer-cobot\/\",\"name\":\"FRYER Automation - The Fryer Company\",\"isPartOf\":{\"@id\":\"https:\/\/thefryercompany.com\/fr\/#website\"},\"datePublished\":\"2023-10-09T07:02:53+00:00\",\"dateModified\":\"2025-12-08T13:22:49+00:00\",\"breadcrumb\":{\"@id\":\"https:\/\/thefryercompany.com\/fr\/le-bras-fryer-cobot\/#breadcrumb\"},\"inLanguage\":\"fr-FR\",\"potentialAction\":[{\"@type\":\"ReadAction\",\"target\":[\"https:\/\/thefryercompany.com\/fr\/le-bras-fryer-cobot\/\"]}]},{\"@type\":\"BreadcrumbList\",\"@id\":\"https:\/\/thefryercompany.com\/fr\/le-bras-fryer-cobot\/#breadcrumb\",\"itemListElement\":[{\"@type\":\"ListItem\",\"position\":1,\"name\":\"Home\",\"item\":\"https:\/\/thefryercompany.com\/fr\/\"},{\"@type\":\"ListItem\",\"position\":2,\"name\":\"FRYER Automation\"}]},{\"@type\":\"WebSite\",\"@id\":\"https:\/\/thefryercompany.com\/fr\/#website\",\"url\":\"https:\/\/thefryercompany.com\/fr\/\",\"name\":\"The Fryer Company\",\"description\":\"Maakt frituren geweldig\",\"publisher\":{\"@id\":\"https:\/\/thefryercompany.com\/fr\/#organization\"},\"potentialAction\":[{\"@type\":\"SearchAction\",\"target\":{\"@type\":\"EntryPoint\",\"urlTemplate\":\"https:\/\/thefryercompany.com\/fr\/?s={search_term_string}\"},\"query-input\":{\"@type\":\"PropertyValueSpecification\",\"valueRequired\":true,\"valueName\":\"search_term_string\"}}],\"inLanguage\":\"fr-FR\"},{\"@type\":\"Organization\",\"@id\":\"https:\/\/thefryercompany.com\/fr\/#organization\",\"name\":\"The Fryer Company\",\"url\":\"https:\/\/thefryercompany.com\/fr\/\",\"logo\":{\"@type\":\"ImageObject\",\"inLanguage\":\"fr-FR\",\"@id\":\"https:\/\/thefryercompany.com\/fr\/#\/schema\/logo\/image\/\",\"url\":\"https:\/\/thefryercompany.com\/wp-content\/uploads\/2023\/10\/FRYER-company-logo-slogan.png\",\"contentUrl\":\"https:\/\/thefryercompany.com\/wp-content\/uploads\/2023\/10\/FRYER-company-logo-slogan.png\",\"width\":900,\"height\":61,\"caption\":\"The Fryer Company\"},\"image\":{\"@id\":\"https:\/\/thefryercompany.com\/fr\/#\/schema\/logo\/image\/\"},\"sameAs\":[\"https:\/\/www.facebook.com\/thefryercompany\/\",\"https:\/\/www.instagram.com\/thefryercompany\/\",\"https:\/\/www.linkedin.com\/company\/the-fryer-company\"]}]}<\/script>\n<!-- \/ Yoast SEO plugin. -->","yoast_head_json":{"title":"FRYER Automation - The Fryer Company","robots":{"index":"index","follow":"follow","max-snippet":"max-snippet:-1","max-image-preview":"max-image-preview:large","max-video-preview":"max-video-preview:-1"},"canonical":"https:\/\/thefryercompany.com\/fr\/le-bras-fryer-cobot\/","og_locale":"fr_FR","og_type":"article","og_title":"FRYER Automation - The Fryer Company","og_description":"FRYER Automation Le syst\u00e8me d'automatisation r\u00e9volutionnairepour la friture des fritesLe syst\u00e8me d'automatisation r\u00e9volutionnaire pour la friture des frites Imaginez : un syst\u00e8me de friture qui non seulement garantit une cuisson parfaite des frites, mais qui utilise \u00e9galement une technologie de pointe. Le FRYER Automation est un syst\u00e8me de friture automatis\u00e9 qui \u00e9l\u00e8ve la friture \u00e0 [&hellip;]","og_url":"https:\/\/thefryercompany.com\/fr\/le-bras-fryer-cobot\/","og_site_name":"The Fryer Company","article_publisher":"https:\/\/www.facebook.com\/thefryercompany\/","article_modified_time":"2025-12-08T13:22:49+00:00","twitter_card":"summary_large_image","twitter_misc":{"Dur\u00e9e de lecture estim\u00e9e":"8 minutes"},"schema":{"@context":"https:\/\/schema.org","@graph":[{"@type":"WebPage","@id":"https:\/\/thefryercompany.com\/fr\/le-bras-fryer-cobot\/","url":"https:\/\/thefryercompany.com\/fr\/le-bras-fryer-cobot\/","name":"FRYER Automation - The Fryer Company","isPartOf":{"@id":"https:\/\/thefryercompany.com\/fr\/#website"},"datePublished":"2023-10-09T07:02:53+00:00","dateModified":"2025-12-08T13:22:49+00:00","breadcrumb":{"@id":"https:\/\/thefryercompany.com\/fr\/le-bras-fryer-cobot\/#breadcrumb"},"inLanguage":"fr-FR","potentialAction":[{"@type":"ReadAction","target":["https:\/\/thefryercompany.com\/fr\/le-bras-fryer-cobot\/"]}]},{"@type":"BreadcrumbList","@id":"https:\/\/thefryercompany.com\/fr\/le-bras-fryer-cobot\/#breadcrumb","itemListElement":[{"@type":"ListItem","position":1,"name":"Home","item":"https:\/\/thefryercompany.com\/fr\/"},{"@type":"ListItem","position":2,"name":"FRYER Automation"}]},{"@type":"WebSite","@id":"https:\/\/thefryercompany.com\/fr\/#website","url":"https:\/\/thefryercompany.com\/fr\/","name":"The Fryer Company","description":"Maakt frituren geweldig","publisher":{"@id":"https:\/\/thefryercompany.com\/fr\/#organization"},"potentialAction":[{"@type":"SearchAction","target":{"@type":"EntryPoint","urlTemplate":"https:\/\/thefryercompany.com\/fr\/?s={search_term_string}"},"query-input":{"@type":"PropertyValueSpecification","valueRequired":true,"valueName":"search_term_string"}}],"inLanguage":"fr-FR"},{"@type":"Organization","@id":"https:\/\/thefryercompany.com\/fr\/#organization","name":"The Fryer Company","url":"https:\/\/thefryercompany.com\/fr\/","logo":{"@type":"ImageObject","inLanguage":"fr-FR","@id":"https:\/\/thefryercompany.com\/fr\/#\/schema\/logo\/image\/","url":"https:\/\/thefryercompany.com\/wp-content\/uploads\/2023\/10\/FRYER-company-logo-slogan.png","contentUrl":"https:\/\/thefryercompany.com\/wp-content\/uploads\/2023\/10\/FRYER-company-logo-slogan.png","width":900,"height":61,"caption":"The Fryer Company"},"image":{"@id":"https:\/\/thefryercompany.com\/fr\/#\/schema\/logo\/image\/"},"sameAs":["https:\/\/www.facebook.com\/thefryercompany\/","https:\/\/www.instagram.com\/thefryercompany\/","https:\/\/www.linkedin.com\/company\/the-fryer-company"]}]}},"_links":{"self":[{"href":"https:\/\/thefryercompany.com\/fr\/wp-json\/wp\/v2\/pages\/1438","targetHints":{"allow":["GET"]}}],"collection":[{"href":"https:\/\/thefryercompany.com\/fr\/wp-json\/wp\/v2\/pages"}],"about":[{"href":"https:\/\/thefryercompany.com\/fr\/wp-json\/wp\/v2\/types\/page"}],"author":[{"embeddable":true,"href":"https:\/\/thefryercompany.com\/fr\/wp-json\/wp\/v2\/users\/1"}],"replies":[{"embeddable":true,"href":"https:\/\/thefryercompany.com\/fr\/wp-json\/wp\/v2\/comments?post=1438"}],"version-history":[{"count":14,"href":"https:\/\/thefryercompany.com\/fr\/wp-json\/wp\/v2\/pages\/1438\/revisions"}],"predecessor-version":[{"id":2039,"href":"https:\/\/thefryercompany.com\/fr\/wp-json\/wp\/v2\/pages\/1438\/revisions\/2039"}],"wp:attachment":[{"href":"https:\/\/thefryercompany.com\/fr\/wp-json\/wp\/v2\/media?parent=1438"}],"curies":[{"name":"wp","href":"https:\/\/api.w.org\/{rel}","templated":true}]}}