{"id":1444,"date":"2023-10-09T10:49:56","date_gmt":"2023-10-09T10:49:56","guid":{"rendered":"https:\/\/thefryercompany.com\/fryer-paroi-de-cuisson-transfer\/"},"modified":"2023-12-11T13:17:23","modified_gmt":"2023-12-11T13:17:23","slug":"fryer-paroi-de-cuisson-transfer","status":"publish","type":"page","link":"https:\/\/thefryercompany.com\/fr\/fryer-paroi-de-cuisson-transfer\/","title":{"rendered":"FRYER paroi de cuisson \u2018Transfer\u2019"},"content":{"rendered":"<p>[et_pb_section fb_built=\u00a0\u00bb1&Prime; _builder_version=\u00a0\u00bb4.22.1&Prime; _module_preset=\u00a0\u00bbdefault\u00a0\u00bb custom_padding=\u00a0\u00bb0px||2px|||\u00a0\u00bb global_colors_info=\u00a0\u00bb{}\u00a0\u00bb][et_pb_row column_structure=\u00a0\u00bb2_5,3_5&Prime; module_class=\u00a0\u00bbinline-items\u00a0\u00bb _builder_version=\u00a0\u00bb4.22.1&Prime; _module_preset=\u00a0\u00bbdefault\u00a0\u00bb custom_padding=\u00a0\u00bb||0px|||\u00a0\u00bb global_colors_info=\u00a0\u00bb{}\u00a0\u00bb][et_pb_column type=\u00a0\u00bb2_5&Prime; module_class=\u00a0\u00bbinline-items-row\u00a0\u00bb _builder_version=\u00a0\u00bb4.22.1&Prime; _module_preset=\u00a0\u00bbdefault\u00a0\u00bb custom_padding=\u00a0\u00bb|40px|||false|false\u00a0\u00bb global_colors_info=\u00a0\u00bb{}\u00a0\u00bb][et_pb_text _builder_version=\u00a0\u00bb4.22.1&Prime; _module_preset=\u00a0\u00bbdefault\u00a0\u00bb header_font=\u00a0\u00bbBarlow Semi Condensed||||||||\u00a0\u00bb header_font_size=\u00a0\u00bb52px\u00a0\u00bb header_2_font_size=\u00a0\u00bb40px\u00a0\u00bb custom_padding=\u00a0\u00bb60px|||||\u00a0\u00bb global_colors_info=\u00a0\u00bb{}\u00a0\u00bb]<\/p>\n<h1><span class=\"orange\">FRYER<\/span> PAROI DE CUISSON \u2018TRANSFER\u2019<\/h1>\n<h2 class=\"landing-subtitle\">la solution id\u00e9ale<br \/>pour des processus<br \/>de friture efficaces!<\/h2>\n<p>&nbsp;<\/p>\n<p>[\/et_pb_text][\/et_pb_column][et_pb_column type=\u00a0\u00bb3_5&Prime; module_class=\u00a0\u00bbinline-items-row\u00a0\u00bb _builder_version=\u00a0\u00bb4.22.1&Prime; _module_preset=\u00a0\u00bbdefault\u00a0\u00bb global_colors_info=\u00a0\u00bb{}\u00a0\u00bb][et_pb_image src=\u00a0\u00bbhttps:\/\/thefryercompany.com\/wp-content\/uploads\/2023\/10\/Fryer-Transfer-bakwand-kop-2.jpg\u00a0\u00bb alt=\u00a0\u00bbFRYER PAROI DE CUISSON \u2018TRANSFER\u2019\u00a0\u00bb title_text=\u00a0\u00bbFryer-Transfer-bakwand-kop 2&Prime; _builder_version=\u00a0\u00bb4.22.2&Prime; _module_preset=\u00a0\u00bbdefault\u00a0\u00bb module_alignment=\u00a0\u00bbleft\u00a0\u00bb max_height=\u00a0\u00bb451px\u00a0\u00bb max_height_tablet=\u00a0\u00bb100%\u00a0\u00bb max_height_phone=\u00a0\u00bb100%\u00a0\u00bb max_height_last_edited=\u00a0\u00bbon|tablet\u00a0\u00bb custom_margin=\u00a0\u00bb|0px||23px|false|false\u00a0\u00bb custom_margin_tablet=\u00a0\u00bb|0px||0px|false|false\u00a0\u00bb custom_margin_phone=\u00a0\u00bb|0px||0px|false|false\u00a0\u00bb custom_margin_last_edited=\u00a0\u00bbon|tablet\u00a0\u00bb custom_padding=\u00a0\u00bb|0px|||false|false\u00a0\u00bb hover_enabled=\u00a0\u00bb0&Prime; global_colors_info=\u00a0\u00bb{}\u00a0\u00bb sticky_enabled=\u00a0\u00bb0&Prime;][\/et_pb_image][\/et_pb_column][\/et_pb_row][et_pb_row column_structure=\u00a0\u00bb1_2,1_2&Prime; use_custom_gutter=\u00a0\u00bbon\u00a0\u00bb gutter_width=\u00a0\u00bb4&Prime; _builder_version=\u00a0\u00bb4.22.1&Prime; _module_preset=\u00a0\u00bbdefault\u00a0\u00bb custom_padding=\u00a0\u00bb||||false|false\u00a0\u00bb global_colors_info=\u00a0\u00bb{}\u00a0\u00bb][et_pb_column type=\u00a0\u00bb1_2&Prime; _builder_version=\u00a0\u00bb4.22.1&Prime; _module_preset=\u00a0\u00bbdefault\u00a0\u00bb global_colors_info=\u00a0\u00bb{}\u00a0\u00bb][et_pb_text _builder_version=\u00a0\u00bb4.22.1&Prime; _module_preset=\u00a0\u00bbdefault\u00a0\u00bb custom_padding=\u00a0\u00bb0px||30px||false|false\u00a0\u00bb global_colors_info=\u00a0\u00bb{}\u00a0\u00bb]<\/p>\n<p>Si vous travaillez dans le secteur de la friture et que vous recherchez un moyen fiable et efficace d&rsquo;optimiser les processus de friture, la paroi de cuisson de transfert est la solution id\u00e9ale. Ce syst\u00e8me avanc\u00e9 de friture par transfert est con\u00e7u pour optimiser vos processus d&rsquo;entreprise et faire passer la productivit\u00e9 au niveau sup\u00e9rieur. <\/p>\n<p>[\/et_pb_text][\/et_pb_column][et_pb_column type=\u00a0\u00bb1_2&Prime; _builder_version=\u00a0\u00bb4.22.1&Prime; _module_preset=\u00a0\u00bbdefault\u00a0\u00bb global_colors_info=\u00a0\u00bb{}\u00a0\u00bb][et_pb_text _builder_version=\u00a0\u00bb4.22.1&Prime; _module_preset=\u00a0\u00bbdefault\u00a0\u00bb custom_padding=\u00a0\u00bb0px||29px||false|false\u00a0\u00bb global_colors_info=\u00a0\u00bb{}\u00a0\u00bb]Avec ce syst\u00e8me transfer, vous pouvez pr\u00e9cuire jusqu&rsquo;\u00e0 10 kg de produit \u00e0 la fois, ce qui augmente consid\u00e9rablement votre production sans compromettre la qualit\u00e9. Imaginez le temps et l&rsquo;\u00e9nergie que vous \u00e9conomiserez gr\u00e2ce \u00e0 ce syst\u00e8me automatis\u00e9. Il ne sera plus n\u00e9cessaire de frire intensivement \u00e0 la main. [\/et_pb_text][\/et_pb_column][\/et_pb_row][\/et_pb_section][et_pb_section fb_built=\u00a0\u00bb1&Prime; _builder_version=\u00a0\u00bb4.22.1&Prime; _module_preset=\u00a0\u00bbdefault\u00a0\u00bb background_enable_image=\u00a0\u00bboff\u00a0\u00bb background_size=\u00a0\u00bbcustom\u00a0\u00bb background_image_width=\u00a0\u00bb200px\u00a0\u00bb background_position=\u00a0\u00bbtop_left\u00a0\u00bb custom_padding=\u00a0\u00bb0px||0px|||\u00a0\u00bb global_colors_info=\u00a0\u00bb{}\u00a0\u00bb][et_pb_row _builder_version=\u00a0\u00bb4.22.1&Prime; _module_preset=\u00a0\u00bbdefault\u00a0\u00bb custom_padding=\u00a0\u00bb|40px|60px|40px|false|true\u00a0\u00bb global_colors_info=\u00a0\u00bb{}\u00a0\u00bb][et_pb_column type=\u00a0\u00bb4_4&Prime; _builder_version=\u00a0\u00bb4.22.1&Prime; _module_preset=\u00a0\u00bbdefault\u00a0\u00bb global_colors_info=\u00a0\u00bb{}\u00a0\u00bb][et_pb_text _builder_version=\u00a0\u00bb4.22.1&Prime; _module_preset=\u00a0\u00bbdefault\u00a0\u00bb text_text_color=\u00a0\u00bb#4C6970&Prime; text_orientation=\u00a0\u00bbcenter\u00a0\u00bb custom_margin=\u00a0\u00bb0px|-30px||-30px|false|true\u00a0\u00bb custom_padding=\u00a0\u00bb|0px||0px|false|false\u00a0\u00bb global_colors_info=\u00a0\u00bb{}\u00a0\u00bb]<\/p>\n<h3 class=\"orange\">\u201cGr\u00e2ce \u00e0 sa fonctionnalit\u00e9 sans faute, \u00e0 sa fiabilit\u00e9 et \u00e0 ses caract\u00e9ristiques permettant d&rsquo;\u00e9conomiser de la main-d&rsquo;\u0153uvre, <br \/>le syst\u00e8me \u2018FRYER Transfer\u2019 se distingue de la friture traditionnelle.\u00a0\u00bb<\/h3>\n<p>[\/et_pb_text][\/et_pb_column][\/et_pb_row][et_pb_row column_structure=\u00a0\u00bb1_2,1_2&Prime; module_class=\u00a0\u00bbinline-items\u00a0\u00bb _builder_version=\u00a0\u00bb4.22.1&Prime; _module_preset=\u00a0\u00bbdefault\u00a0\u00bb custom_margin=\u00a0\u00bb|auto|-5px|auto||\u00a0\u00bb custom_padding=\u00a0\u00bb||0px|||\u00a0\u00bb global_colors_info=\u00a0\u00bb{}\u00a0\u00bb][et_pb_column type=\u00a0\u00bb1_2&Prime; module_class=\u00a0\u00bbinline-items-row\u00a0\u00bb _builder_version=\u00a0\u00bb4.22.1&Prime; _module_preset=\u00a0\u00bbdefault\u00a0\u00bb global_colors_info=\u00a0\u00bb{}\u00a0\u00bb][et_pb_image src=\u00a0\u00bbhttps:\/\/thefryercompany.com\/wp-content\/uploads\/2023\/10\/Fryer-Transfer-bakwand-detail.jpg\u00a0\u00bb title_text=\u00a0\u00bbFryer Transfer bakwand detail\u00a0\u00bb _builder_version=\u00a0\u00bb4.22.2&Prime; _module_preset=\u00a0\u00bbdefault\u00a0\u00bb custom_margin=\u00a0\u00bb|50px||||\u00a0\u00bb custom_padding=\u00a0\u00bb||21px|||\u00a0\u00bb hover_enabled=\u00a0\u00bb0&Prime; global_colors_info=\u00a0\u00bb{}\u00a0\u00bb sticky_enabled=\u00a0\u00bb0&Prime;][\/et_pb_image][\/et_pb_column][et_pb_column type=\u00a0\u00bb1_2&Prime; module_class=\u00a0\u00bbinline-items-row center\u00a0\u00bb _builder_version=\u00a0\u00bb4.22.1&Prime; _module_preset=\u00a0\u00bbdefault\u00a0\u00bb global_colors_info=\u00a0\u00bb{}\u00a0\u00bb][et_pb_text _builder_version=\u00a0\u00bb4.22.1&Prime; _module_preset=\u00a0\u00bbdefault\u00a0\u00bb custom_margin=\u00a0\u00bb||27px|||\u00a0\u00bb custom_padding=\u00a0\u00bb0px|||||\u00a0\u00bb global_colors_info=\u00a0\u00bb{}\u00a0\u00bb]<\/p>\n<h2>Adoptez l&rsquo;efficacit\u00e9<\/h2>\n<p><span>La<\/span> <span>paroi<\/span> <span>de cuisson<\/span> <span>&lsquo;FRYER Transfer&rsquo; est \u00e9quip\u00e9 de doubles guides lin\u00e9aires et d&rsquo;un syst\u00e8me de contrepoids, ce qui le rend stable et puissant pendant le processus de basculement. Cela garantit la fiabilit\u00e9, r\u00e9duit les pannes et prolonge la dur\u00e9e de vie du syst\u00e8me. Le syst\u00e8me est silencieux, r\u00e9glable en diff\u00e9rentes vitesses et s\u00fbr.  <\/span><\/p>\n<p>[\/et_pb_text][\/et_pb_column][\/et_pb_row][et_pb_row column_structure=\u00a0\u00bb2_3,1_3&Prime; module_class=\u00a0\u00bbinline-items\u00a0\u00bb _builder_version=\u00a0\u00bb4.22.1&Prime; _module_preset=\u00a0\u00bbdefault\u00a0\u00bb custom_padding=\u00a0\u00bb0px||0px|||\u00a0\u00bb global_colors_info=\u00a0\u00bb{}\u00a0\u00bb][et_pb_column type=\u00a0\u00bb2_3&Prime; module_class=\u00a0\u00bbinline-items-row\u00a0\u00bb _builder_version=\u00a0\u00bb4.22.1&Prime; _module_preset=\u00a0\u00bbdefault\u00a0\u00bb custom_padding=\u00a0\u00bb|0px|||false|false\u00a0\u00bb global_colors_info=\u00a0\u00bb{}\u00a0\u00bb][et_pb_text _builder_version=\u00a0\u00bb4.22.1&Prime; _module_preset=\u00a0\u00bbdefault\u00a0\u00bb custom_margin=\u00a0\u00bb40px|||||\u00a0\u00bb custom_padding=\u00a0\u00bb0px|||||\u00a0\u00bb global_colors_info=\u00a0\u00bb{}\u00a0\u00bb]<\/p>\n<p><span>Outre sa vitesse et sa capacit\u00e9 impressionnantes, le syst\u00e8me &lsquo;FRYER Transfer&rsquo; est \u00e9galement con\u00e7u pour le bien-\u00eatre de votre personnel. En automatisant le processus de friture, il r\u00e9duit la n\u00e9cessit\u00e9 d&rsquo;un travail manuel lourd, soulageant ainsi votre personnel et r\u00e9duisant la charge de travail. Cela cr\u00e9e un environnement de travail plus agr\u00e9able, o\u00f9 votre \u00e9quipe peut se concentrer sur d&rsquo;autres t\u00e2ches essentielles.  <\/span><\/p>\n<p>[\/et_pb_text][\/et_pb_column][et_pb_column type=\u00a0\u00bb1_3&Prime; module_class=\u00a0\u00bbinline-items-row\u00a0\u00bb _builder_version=\u00a0\u00bb4.22.1&Prime; _module_preset=\u00a0\u00bbdefault\u00a0\u00bb global_colors_info=\u00a0\u00bb{}\u00a0\u00bb][et_pb_image src=\u00a0\u00bbhttps:\/\/thefryercompany.com\/wp-content\/uploads\/2023\/10\/Cobot-arm_patat.jpg\u00a0\u00bb title_text=\u00a0\u00bbPotato,Fry,On,White,Isolated,Background\u00a0\u00bb _builder_version=\u00a0\u00bb4.22.1&Prime; _module_preset=\u00a0\u00bbdefault\u00a0\u00bb module_alignment=\u00a0\u00bbleft\u00a0\u00bb max_height=\u00a0\u00bb451px\u00a0\u00bb custom_margin=\u00a0\u00bb-16px|0px|||false|false\u00a0\u00bb custom_padding=\u00a0\u00bb|0px|||false|false\u00a0\u00bb global_colors_info=\u00a0\u00bb{}\u00a0\u00bb][\/et_pb_image][\/et_pb_column][\/et_pb_row][\/et_pb_section][et_pb_section fb_built=\u00a0\u00bb1&Prime; _builder_version=\u00a0\u00bb4.22.1&Prime; _module_preset=\u00a0\u00bbdefault\u00a0\u00bb custom_padding=\u00a0\u00bb1px||0px|||\u00a0\u00bb global_colors_info=\u00a0\u00bb{}\u00a0\u00bb][et_pb_row _builder_version=\u00a0\u00bb4.22.1&Prime; _module_preset=\u00a0\u00bbdefault\u00a0\u00bb custom_padding=\u00a0\u00bb60px||0px|||\u00a0\u00bb global_colors_info=\u00a0\u00bb{}\u00a0\u00bb][et_pb_column type=\u00a0\u00bb4_4&Prime; _builder_version=\u00a0\u00bb4.22.1&Prime; _module_preset=\u00a0\u00bbdefault\u00a0\u00bb global_colors_info=\u00a0\u00bb{}\u00a0\u00bb][et_pb_divider divider_weight=\u00a0\u00bb3px\u00a0\u00bb _builder_version=\u00a0\u00bb4.22.1&Prime; _module_preset=\u00a0\u00bbdefault\u00a0\u00bb max_width=\u00a0\u00bb30%\u00a0\u00bb module_alignment=\u00a0\u00bbcenter\u00a0\u00bb global_colors_info=\u00a0\u00bb{}\u00a0\u00bb][\/et_pb_divider][\/et_pb_column][\/et_pb_row][\/et_pb_section][et_pb_section fb_built=\u00a0\u00bb1&Prime; _builder_version=\u00a0\u00bb4.22.1&Prime; _module_preset=\u00a0\u00bbdefault\u00a0\u00bb background_color=\u00a0\u00bbRGBA(255,255,255,0)\u00a0\u00bb background_enable_image=\u00a0\u00bboff\u00a0\u00bb background_enable_video_mp4=\u00a0\u00bboff\u00a0\u00bb custom_padding=\u00a0\u00bb0px||2px|||\u00a0\u00bb global_colors_info=\u00a0\u00bb{}\u00a0\u00bb][et_pb_row column_structure=\u00a0\u00bb1_5,3_5,1_5&Prime; _builder_version=\u00a0\u00bb4.22.1&Prime; _module_preset=\u00a0\u00bbdefault\u00a0\u00bb custom_padding=\u00a0\u00bb2px||80px|||\u00a0\u00bb global_colors_info=\u00a0\u00bb{}\u00a0\u00bb][et_pb_column type=\u00a0\u00bb1_5&Prime; _builder_version=\u00a0\u00bb4.22.1&Prime; _module_preset=\u00a0\u00bbdefault\u00a0\u00bb global_colors_info=\u00a0\u00bb{}\u00a0\u00bb][et_pb_image src=\u00a0\u00bbhttps:\/\/thefryercompany.com\/wp-content\/uploads\/2023\/10\/FRYER-company-beeldmerk.png\u00a0\u00bb title_text=\u00a0\u00bbFRYER-company-beeldmerk\u00a0\u00bb _builder_version=\u00a0\u00bb4.22.2&Prime; _module_preset=\u00a0\u00bbdefault\u00a0\u00bb width=\u00a0\u00bb190px\u00a0\u00bb module_alignment=\u00a0\u00bbleft\u00a0\u00bb custom_padding=\u00a0\u00bb||0px||false|false\u00a0\u00bb scroll_vertical_motion_enable=\u00a0\u00bbon\u00a0\u00bb global_colors_info=\u00a0\u00bb{}\u00a0\u00bb][\/et_pb_image][\/et_pb_column][et_pb_column type=\u00a0\u00bb3_5&Prime; _builder_version=\u00a0\u00bb4.22.1&Prime; _module_preset=\u00a0\u00bbdefault\u00a0\u00bb global_colors_info=\u00a0\u00bb{}\u00a0\u00bb][et_pb_text _builder_version=\u00a0\u00bb4.22.1&Prime; _module_preset=\u00a0\u00bbdefault\u00a0\u00bb text_orientation=\u00a0\u00bbcenter\u00a0\u00bb custom_margin=\u00a0\u00bb||30px|||\u00a0\u00bb global_colors_info=\u00a0\u00bb{}\u00a0\u00bb]<\/p>\n<h2><span style=\"color: #000000;\">En savoir plus sur la paroi de cuisson &lsquo;FRYER Transfer&rsquo;?<\/span><\/h2>\n<p><span>Contactez-nous pour en savoir plus sur la fa\u00e7on dont le &lsquo;FYRER Transfer&rsquo;<br \/><\/span> <span>peut transformer les processus de friture dans votre entreprise et peut rationaliser vos op\u00e9rations.<\/span><\/p>\n<p>[\/et_pb_text][et_pb_button button_url=\u00a0\u00bbhttps:\/\/thefryercompany.com\/fr\/contact\/\u00a0\u00bb button_text=\u00a0\u00bbPrendre rendez-vous\u00a0\u00bb button_alignment=\u00a0\u00bbcenter\u00a0\u00bb _builder_version=\u00a0\u00bb4.22.1&Prime; _module_preset=\u00a0\u00bbe7415aae-4956-4017-b7b3-676bc6e747bc\u00a0\u00bb button_bg_color=\u00a0\u00bb#DE410F\u00a0\u00bb global_colors_info=\u00a0\u00bb{}\u00a0\u00bb][\/et_pb_button][\/et_pb_column][et_pb_column type=\u00a0\u00bb1_5&Prime; _builder_version=\u00a0\u00bb4.22.1&Prime; _module_preset=\u00a0\u00bbdefault\u00a0\u00bb global_colors_info=\u00a0\u00bb{}\u00a0\u00bb][\/et_pb_column][\/et_pb_row][\/et_pb_section]<\/p>\n","protected":false},"excerpt":{"rendered":"<p>FRYER PAROI DE CUISSON \u2018TRANSFER\u2019 la solution id\u00e9alepour des processusde friture efficaces! &nbsp;Si vous travaillez dans le secteur de la friture et que vous recherchez un moyen fiable et efficace d&rsquo;optimiser les processus de friture, la paroi de cuisson de transfert est la solution id\u00e9ale. Ce syst\u00e8me avanc\u00e9 de friture par transfert est con\u00e7u pour [&hellip;]<\/p>\n","protected":false},"author":1,"featured_media":0,"parent":0,"menu_order":0,"comment_status":"closed","ping_status":"closed","template":"","meta":{"_et_pb_use_builder":"on","_et_pb_old_content":"","_et_gb_content_width":"","footnotes":""},"class_list":["post-1444","page","type-page","status-publish","hentry"],"yoast_head":"<!-- This site is optimized with the Yoast SEO plugin v27.1.1 - https:\/\/yoast.com\/product\/yoast-seo-wordpress\/ -->\n<title>FRYER paroi de cuisson \u2018Transfer\u2019 - The Fryer Company<\/title>\n<meta name=\"robots\" content=\"index, follow, max-snippet:-1, max-image-preview:large, max-video-preview:-1\" \/>\n<link rel=\"canonical\" href=\"https:\/\/thefryercompany.com\/fr\/fryer-paroi-de-cuisson-transfer\/\" \/>\n<meta property=\"og:locale\" content=\"fr_FR\" \/>\n<meta property=\"og:type\" content=\"article\" \/>\n<meta property=\"og:title\" content=\"FRYER paroi de cuisson \u2018Transfer\u2019 - The Fryer Company\" \/>\n<meta property=\"og:description\" content=\"FRYER PAROI DE CUISSON \u2018TRANSFER\u2019 la solution id\u00e9alepour des processusde friture efficaces! &nbsp;Si vous travaillez dans le secteur de la friture et que vous recherchez un moyen fiable et efficace d&#039;optimiser les processus de friture, la paroi de cuisson de transfert est la solution id\u00e9ale. Ce syst\u00e8me avanc\u00e9 de friture par transfert est con\u00e7u pour [&hellip;]\" \/>\n<meta property=\"og:url\" content=\"https:\/\/thefryercompany.com\/fr\/fryer-paroi-de-cuisson-transfer\/\" \/>\n<meta property=\"og:site_name\" content=\"The Fryer Company\" \/>\n<meta property=\"article:publisher\" content=\"https:\/\/www.facebook.com\/thefryercompany\/\" \/>\n<meta property=\"article:modified_time\" content=\"2023-12-11T13:17:23+00:00\" \/>\n<meta name=\"twitter:card\" content=\"summary_large_image\" \/>\n<meta name=\"twitter:label1\" content=\"Dur\u00e9e de lecture estim\u00e9e\" \/>\n\t<meta name=\"twitter:data1\" content=\"6 minutes\" \/>\n<script type=\"application\/ld+json\" class=\"yoast-schema-graph\">{\"@context\":\"https:\/\/schema.org\",\"@graph\":[{\"@type\":\"WebPage\",\"@id\":\"https:\/\/thefryercompany.com\/fr\/fryer-paroi-de-cuisson-transfer\/\",\"url\":\"https:\/\/thefryercompany.com\/fr\/fryer-paroi-de-cuisson-transfer\/\",\"name\":\"FRYER paroi de cuisson \u2018Transfer\u2019 - The Fryer Company\",\"isPartOf\":{\"@id\":\"https:\/\/thefryercompany.com\/fr\/#website\"},\"datePublished\":\"2023-10-09T10:49:56+00:00\",\"dateModified\":\"2023-12-11T13:17:23+00:00\",\"breadcrumb\":{\"@id\":\"https:\/\/thefryercompany.com\/fr\/fryer-paroi-de-cuisson-transfer\/#breadcrumb\"},\"inLanguage\":\"fr-FR\",\"potentialAction\":[{\"@type\":\"ReadAction\",\"target\":[\"https:\/\/thefryercompany.com\/fr\/fryer-paroi-de-cuisson-transfer\/\"]}]},{\"@type\":\"BreadcrumbList\",\"@id\":\"https:\/\/thefryercompany.com\/fr\/fryer-paroi-de-cuisson-transfer\/#breadcrumb\",\"itemListElement\":[{\"@type\":\"ListItem\",\"position\":1,\"name\":\"Home\",\"item\":\"https:\/\/thefryercompany.com\/fr\/\"},{\"@type\":\"ListItem\",\"position\":2,\"name\":\"FRYER paroi de cuisson \u2018Transfer\u2019\"}]},{\"@type\":\"WebSite\",\"@id\":\"https:\/\/thefryercompany.com\/fr\/#website\",\"url\":\"https:\/\/thefryercompany.com\/fr\/\",\"name\":\"The Fryer Company\",\"description\":\"Maakt frituren geweldig\",\"publisher\":{\"@id\":\"https:\/\/thefryercompany.com\/fr\/#organization\"},\"potentialAction\":[{\"@type\":\"SearchAction\",\"target\":{\"@type\":\"EntryPoint\",\"urlTemplate\":\"https:\/\/thefryercompany.com\/fr\/?s={search_term_string}\"},\"query-input\":{\"@type\":\"PropertyValueSpecification\",\"valueRequired\":true,\"valueName\":\"search_term_string\"}}],\"inLanguage\":\"fr-FR\"},{\"@type\":\"Organization\",\"@id\":\"https:\/\/thefryercompany.com\/fr\/#organization\",\"name\":\"The Fryer Company\",\"url\":\"https:\/\/thefryercompany.com\/fr\/\",\"logo\":{\"@type\":\"ImageObject\",\"inLanguage\":\"fr-FR\",\"@id\":\"https:\/\/thefryercompany.com\/fr\/#\/schema\/logo\/image\/\",\"url\":\"https:\/\/thefryercompany.com\/wp-content\/uploads\/2023\/10\/FRYER-company-logo-slogan.png\",\"contentUrl\":\"https:\/\/thefryercompany.com\/wp-content\/uploads\/2023\/10\/FRYER-company-logo-slogan.png\",\"width\":900,\"height\":61,\"caption\":\"The Fryer Company\"},\"image\":{\"@id\":\"https:\/\/thefryercompany.com\/fr\/#\/schema\/logo\/image\/\"},\"sameAs\":[\"https:\/\/www.facebook.com\/thefryercompany\/\",\"https:\/\/www.instagram.com\/thefryercompany\/\",\"https:\/\/www.linkedin.com\/company\/the-fryer-company\"]}]}<\/script>\n<!-- \/ Yoast SEO plugin. -->","yoast_head_json":{"title":"FRYER paroi de cuisson \u2018Transfer\u2019 - The Fryer Company","robots":{"index":"index","follow":"follow","max-snippet":"max-snippet:-1","max-image-preview":"max-image-preview:large","max-video-preview":"max-video-preview:-1"},"canonical":"https:\/\/thefryercompany.com\/fr\/fryer-paroi-de-cuisson-transfer\/","og_locale":"fr_FR","og_type":"article","og_title":"FRYER paroi de cuisson \u2018Transfer\u2019 - The Fryer Company","og_description":"FRYER PAROI DE CUISSON \u2018TRANSFER\u2019 la solution id\u00e9alepour des processusde friture efficaces! &nbsp;Si vous travaillez dans le secteur de la friture et que vous recherchez un moyen fiable et efficace d'optimiser les processus de friture, la paroi de cuisson de transfert est la solution id\u00e9ale. Ce syst\u00e8me avanc\u00e9 de friture par transfert est con\u00e7u pour [&hellip;]","og_url":"https:\/\/thefryercompany.com\/fr\/fryer-paroi-de-cuisson-transfer\/","og_site_name":"The Fryer Company","article_publisher":"https:\/\/www.facebook.com\/thefryercompany\/","article_modified_time":"2023-12-11T13:17:23+00:00","twitter_card":"summary_large_image","twitter_misc":{"Dur\u00e9e de lecture estim\u00e9e":"6 minutes"},"schema":{"@context":"https:\/\/schema.org","@graph":[{"@type":"WebPage","@id":"https:\/\/thefryercompany.com\/fr\/fryer-paroi-de-cuisson-transfer\/","url":"https:\/\/thefryercompany.com\/fr\/fryer-paroi-de-cuisson-transfer\/","name":"FRYER paroi de cuisson \u2018Transfer\u2019 - The Fryer Company","isPartOf":{"@id":"https:\/\/thefryercompany.com\/fr\/#website"},"datePublished":"2023-10-09T10:49:56+00:00","dateModified":"2023-12-11T13:17:23+00:00","breadcrumb":{"@id":"https:\/\/thefryercompany.com\/fr\/fryer-paroi-de-cuisson-transfer\/#breadcrumb"},"inLanguage":"fr-FR","potentialAction":[{"@type":"ReadAction","target":["https:\/\/thefryercompany.com\/fr\/fryer-paroi-de-cuisson-transfer\/"]}]},{"@type":"BreadcrumbList","@id":"https:\/\/thefryercompany.com\/fr\/fryer-paroi-de-cuisson-transfer\/#breadcrumb","itemListElement":[{"@type":"ListItem","position":1,"name":"Home","item":"https:\/\/thefryercompany.com\/fr\/"},{"@type":"ListItem","position":2,"name":"FRYER paroi de cuisson \u2018Transfer\u2019"}]},{"@type":"WebSite","@id":"https:\/\/thefryercompany.com\/fr\/#website","url":"https:\/\/thefryercompany.com\/fr\/","name":"The Fryer Company","description":"Maakt frituren geweldig","publisher":{"@id":"https:\/\/thefryercompany.com\/fr\/#organization"},"potentialAction":[{"@type":"SearchAction","target":{"@type":"EntryPoint","urlTemplate":"https:\/\/thefryercompany.com\/fr\/?s={search_term_string}"},"query-input":{"@type":"PropertyValueSpecification","valueRequired":true,"valueName":"search_term_string"}}],"inLanguage":"fr-FR"},{"@type":"Organization","@id":"https:\/\/thefryercompany.com\/fr\/#organization","name":"The Fryer Company","url":"https:\/\/thefryercompany.com\/fr\/","logo":{"@type":"ImageObject","inLanguage":"fr-FR","@id":"https:\/\/thefryercompany.com\/fr\/#\/schema\/logo\/image\/","url":"https:\/\/thefryercompany.com\/wp-content\/uploads\/2023\/10\/FRYER-company-logo-slogan.png","contentUrl":"https:\/\/thefryercompany.com\/wp-content\/uploads\/2023\/10\/FRYER-company-logo-slogan.png","width":900,"height":61,"caption":"The Fryer Company"},"image":{"@id":"https:\/\/thefryercompany.com\/fr\/#\/schema\/logo\/image\/"},"sameAs":["https:\/\/www.facebook.com\/thefryercompany\/","https:\/\/www.instagram.com\/thefryercompany\/","https:\/\/www.linkedin.com\/company\/the-fryer-company"]}]}},"_links":{"self":[{"href":"https:\/\/thefryercompany.com\/fr\/wp-json\/wp\/v2\/pages\/1444","targetHints":{"allow":["GET"]}}],"collection":[{"href":"https:\/\/thefryercompany.com\/fr\/wp-json\/wp\/v2\/pages"}],"about":[{"href":"https:\/\/thefryercompany.com\/fr\/wp-json\/wp\/v2\/types\/page"}],"author":[{"embeddable":true,"href":"https:\/\/thefryercompany.com\/fr\/wp-json\/wp\/v2\/users\/1"}],"replies":[{"embeddable":true,"href":"https:\/\/thefryercompany.com\/fr\/wp-json\/wp\/v2\/comments?post=1444"}],"version-history":[{"count":4,"href":"https:\/\/thefryercompany.com\/fr\/wp-json\/wp\/v2\/pages\/1444\/revisions"}],"predecessor-version":[{"id":1507,"href":"https:\/\/thefryercompany.com\/fr\/wp-json\/wp\/v2\/pages\/1444\/revisions\/1507"}],"wp:attachment":[{"href":"https:\/\/thefryercompany.com\/fr\/wp-json\/wp\/v2\/media?parent=1444"}],"curies":[{"name":"wp","href":"https:\/\/api.w.org\/{rel}","templated":true}]}}