{"id":898,"date":"2023-10-11T07:26:47","date_gmt":"2023-10-11T05:26:47","guid":{"rendered":"https:\/\/thefryercompany.com\/contact\/"},"modified":"2026-03-10T15:58:57","modified_gmt":"2026-03-10T13:58:57","slug":"contact","status":"publish","type":"page","link":"https:\/\/thefryercompany.com\/fr\/contact\/","title":{"rendered":"Contact"},"content":{"rendered":"<p>[et_pb_section fb_built=\u00a0\u00bb1&Prime; _builder_version=\u00a0\u00bb4.22.1&Prime; _module_preset=\u00a0\u00bbdefault\u00a0\u00bb background_color=\u00a0\u00bb#D2DBE0&Prime; background_enable_image=\u00a0\u00bboff\u00a0\u00bb background_size=\u00a0\u00bbcustom\u00a0\u00bb background_image_width=\u00a0\u00bb100px\u00a0\u00bb background_position=\u00a0\u00bbbottom_right\u00a0\u00bb background_horizontal_offset=\u00a0\u00bb0%\u00a0\u00bb background_vertical_offset=\u00a0\u00bb0%\u00a0\u00bb background_blend=\u00a0\u00bbcolor-dodge\u00a0\u00bb min_height=\u00a0\u00bb353.9px\u00a0\u00bb custom_padding=\u00a0\u00bb60px||0px||false|false\u00a0\u00bb global_colors_info=\u00a0\u00bb{}\u00a0\u00bb][et_pb_row column_structure=\u00a0\u00bb1_2,1_2&Prime; _builder_version=\u00a0\u00bb4.22.1&Prime; _module_preset=\u00a0\u00bbdefault\u00a0\u00bb custom_padding=\u00a0\u00bb0px||60px|||\u00a0\u00bb global_colors_info=\u00a0\u00bb{}\u00a0\u00bb][et_pb_column type=\u00a0\u00bb1_2&Prime; _builder_version=\u00a0\u00bb4.22.1&Prime; _module_preset=\u00a0\u00bbdefault\u00a0\u00bb z_index=\u00a0\u00bb10&Prime; global_colors_info=\u00a0\u00bb{}\u00a0\u00bb][et_pb_heading title=\u00a0\u00bbNous sommes l\u00e0 pour vous\u00a0\u00bb _builder_version=\u00a0\u00bb4.22.1&Prime; _module_preset=\u00a0\u00bbdefault\u00a0\u00bb title_font=\u00a0\u00bbBarlow Semi Condensed|500|||||||\u00a0\u00bb custom_margin=\u00a0\u00bb||34px|0px|false|false\u00a0\u00bb global_colors_info=\u00a0\u00bb{}\u00a0\u00bb][\/et_pb_heading][et_pb_text _builder_version=\u00a0\u00bb4.22.2&Prime; _module_preset=\u00a0\u00bbdefault\u00a0\u00bb text_font=\u00a0\u00bbBarlow Semi Condensed||||||||\u00a0\u00bb text_line_height=\u00a0\u00bb1.5em\u00a0\u00bb custom_margin=\u00a0\u00bb||20px|||\u00a0\u00bb global_colors_info=\u00a0\u00bb{}\u00a0\u00bb]<\/p>\n<p>Vous cherchez une installation de friture? Nous nous occupons de tout, de la conception jusqu\u2019 \u00e0 l\u2019installation en passant par la production. Si vous avez des questions ou si vous souhaitez demander un devis, nos conseillers se feront un plaisir de vous aider!  <\/p>\n<p>N\u2019h\u00e9sitez pas \u00e0 nous appeler pour obtenir des informations ou pour prendre un rendez-vous. Vous pouvez \u00e9galement soumettre une demande par e-mail ou par le formulaire de contact. Vous recevrez alors un message d\u00e8s que possible avec \u00e9ventuellement des questions suppl\u00e9mentaires pour une indication de prix ou pour la compilation d\u2019une offre personnalis\u00e9e.  <\/p>\n<p><strong><\/strong><\/p>\n<p><span style=\"font-size: medium;\"><strong>The FRYER Company<\/strong><\/span><\/p>\n<p>Si\u00e8ge social aux Pays-Bas<br \/><strong><a href=\"mailto:info@thefryercompany.com\">info@thefryercompany.com<\/a><\/strong><br \/><strong><a href=\"tel:+31%20(0)%2088%202%20111%20000\">+31 (0) 88 2 111 000<\/a><\/strong><br \/>Maarssenbroeksedijk 7<br \/>3542DL Utrecht<\/p>\n<p>Succursale en Belgique<br \/><strong><a href=\"mailto:info@thefryercompany.be\">info@thefryercompany.be<\/a><\/strong><br \/><strong><a href=\"tel:+32%20(0)%2059%2043%2008%2070\">+32 (0) 56 7248 38<\/a><\/strong><br \/>Harelbeekstraat 79 A,<br \/>8550 Zwevegem<\/p>\n<p>[\/et_pb_text][et_pb_image src=\u00a0\u00bbhttps:\/\/thefryercompany.com\/wp-content\/uploads\/2023\/10\/FRYER-company-beeldmerk.png\u00a0\u00bb title_text=\u00a0\u00bbFRYER-company-beeldmerk\u00a0\u00bb align=\u00a0\u00bbright\u00a0\u00bb _builder_version=\u00a0\u00bb4.22.2&Prime; _module_preset=\u00a0\u00bbdefault\u00a0\u00bb max_height=\u00a0\u00bb297px\u00a0\u00bb max_height_tablet=\u00a0\u00bb180px\u00a0\u00bb max_height_phone=\u00a0\u00bb120px\u00a0\u00bb max_height_last_edited=\u00a0\u00bbon|phone\u00a0\u00bb custom_margin=\u00a0\u00bb-230px|-50px|||false|false\u00a0\u00bb custom_padding=\u00a0\u00bb0px|8px|||false|false\u00a0\u00bb scroll_vertical_motion_enable=\u00a0\u00bbon\u00a0\u00bb global_colors_info=\u00a0\u00bb{}\u00a0\u00bb][\/et_pb_image][\/et_pb_column][et_pb_column type=\u00a0\u00bb1_2&Prime; _builder_version=\u00a0\u00bb4.22.1&Prime; _module_preset=\u00a0\u00bbdefault\u00a0\u00bb global_colors_info=\u00a0\u00bb{}\u00a0\u00bb][et_pb_contact_form use_spam_service=\u00a0\u00bbon\u00a0\u00bb recaptcha_list=\u00a0\u00bbFryerCompany V3 Recaptcha|FryerCompany V3 Recaptcha-0&Prime; email=\u00a0\u00bbinfo@thefryercompany.com\u00a0\u00bb title=\u00a0\u00bbContact\u00a0\u00bb custom_message=\u00a0\u00bbEr is een contact aanvraag binnengekomen via thefryercompany.com.||et_pb_line_break_holder||||et_pb_line_break_holder||Naam: %%Name%%||et_pb_line_break_holder||||et_pb_line_break_holder||Bedrijfsnaam: %%Bedrijfsnaam%%||et_pb_line_break_holder||||et_pb_line_break_holder||Email: %%Email%%||et_pb_line_break_holder||||et_pb_line_break_holder||Bericht:||et_pb_line_break_holder||%%Bericht%%\u00a0\u00bb success_message=\u00a0\u00bbMerci pour votre message. Nous vous contacterons d\u00e8s que possible.\u00a0\u00bb submit_button_text=\u00a0\u00bbexp\u00e9dier\u00a0\u00bb _builder_version=\u00a0\u00bb4.22.1&Prime; _module_preset=\u00a0\u00bbdefault\u00a0\u00bb _unique_id=\u00a0\u00bbc61f513a-a1f3-4849-886b-4a12da2c5e07&Prime; title_level=\u00a0\u00bbh3&Prime; title_text_color=\u00a0\u00bb#FFFFFF\u00a0\u00bb title_line_height=\u00a0\u00bb2em\u00a0\u00bb background_color=\u00a0\u00bb#B2C2C9&Prime; custom_button=\u00a0\u00bbon\u00a0\u00bb button_text_size=\u00a0\u00bb16px\u00a0\u00bb button_text_color=\u00a0\u00bb#000000&Prime; button_bg_color=\u00a0\u00bb#FFFFFF\u00a0\u00bb button_border_width=\u00a0\u00bb0px\u00a0\u00bb button_border_radius=\u00a0\u00bb0px\u00a0\u00bb button_letter_spacing=\u00a0\u00bb1px\u00a0\u00bb button_font=\u00a0\u00bbBarlow Semi Condensed|||on|||||\u00a0\u00bb button_use_icon=\u00a0\u00bboff\u00a0\u00bb button_custom_padding=\u00a0\u00bb5px|30px|5px|30px|true|true\u00a0\u00bb custom_padding=\u00a0\u00bb20px|20px|20px|20px|true|true\u00a0\u00bb global_colors_info=\u00a0\u00bb{}\u00a0\u00bb][et_pb_contact_field field_id=\u00a0\u00bbName\u00a0\u00bb field_title=\u00a0\u00bbNom\u00a0\u00bb fullwidth_field=\u00a0\u00bbon\u00a0\u00bb _builder_version=\u00a0\u00bb4.22.1&Prime; global_colors_info=\u00a0\u00bb{}\u00a0\u00bb button_text_size__hover_enabled=\u00a0\u00bboff\u00a0\u00bb button_one_text_size__hover_enabled=\u00a0\u00bboff\u00a0\u00bb button_two_text_size__hover_enabled=\u00a0\u00bboff\u00a0\u00bb button_text_color__hover_enabled=\u00a0\u00bboff\u00a0\u00bb button_one_text_color__hover_enabled=\u00a0\u00bboff\u00a0\u00bb button_two_text_color__hover_enabled=\u00a0\u00bboff\u00a0\u00bb button_border_width__hover_enabled=\u00a0\u00bboff\u00a0\u00bb button_one_border_width__hover_enabled=\u00a0\u00bboff\u00a0\u00bb button_two_border_width__hover_enabled=\u00a0\u00bboff\u00a0\u00bb button_border_color__hover_enabled=\u00a0\u00bboff\u00a0\u00bb button_one_border_color__hover_enabled=\u00a0\u00bboff\u00a0\u00bb button_two_border_color__hover_enabled=\u00a0\u00bboff\u00a0\u00bb button_border_radius__hover_enabled=\u00a0\u00bboff\u00a0\u00bb button_one_border_radius__hover_enabled=\u00a0\u00bboff\u00a0\u00bb button_two_border_radius__hover_enabled=\u00a0\u00bboff\u00a0\u00bb button_letter_spacing__hover_enabled=\u00a0\u00bboff\u00a0\u00bb button_one_letter_spacing__hover_enabled=\u00a0\u00bboff\u00a0\u00bb button_two_letter_spacing__hover_enabled=\u00a0\u00bboff\u00a0\u00bb button_bg_color__hover_enabled=\u00a0\u00bboff\u00a0\u00bb button_one_bg_color__hover_enabled=\u00a0\u00bboff\u00a0\u00bb button_two_bg_color__hover_enabled=\u00a0\u00bboff\u00a0\u00bb][\/et_pb_contact_field][et_pb_contact_field field_id=\u00a0\u00bbBedrijfsnaam\u00a0\u00bb field_title=\u00a0\u00bbBedrijfsnaam\u00a0\u00bb fullwidth_field=\u00a0\u00bbon\u00a0\u00bb _builder_version=\u00a0\u00bb4.22.1&Prime; global_colors_info=\u00a0\u00bb{}\u00a0\u00bb button_text_size__hover_enabled=\u00a0\u00bboff\u00a0\u00bb button_one_text_size__hover_enabled=\u00a0\u00bboff\u00a0\u00bb button_two_text_size__hover_enabled=\u00a0\u00bboff\u00a0\u00bb button_text_color__hover_enabled=\u00a0\u00bboff\u00a0\u00bb button_one_text_color__hover_enabled=\u00a0\u00bboff\u00a0\u00bb button_two_text_color__hover_enabled=\u00a0\u00bboff\u00a0\u00bb button_border_width__hover_enabled=\u00a0\u00bboff\u00a0\u00bb button_one_border_width__hover_enabled=\u00a0\u00bboff\u00a0\u00bb button_two_border_width__hover_enabled=\u00a0\u00bboff\u00a0\u00bb button_border_color__hover_enabled=\u00a0\u00bboff\u00a0\u00bb button_one_border_color__hover_enabled=\u00a0\u00bboff\u00a0\u00bb button_two_border_color__hover_enabled=\u00a0\u00bboff\u00a0\u00bb button_border_radius__hover_enabled=\u00a0\u00bboff\u00a0\u00bb button_one_border_radius__hover_enabled=\u00a0\u00bboff\u00a0\u00bb button_two_border_radius__hover_enabled=\u00a0\u00bboff\u00a0\u00bb button_letter_spacing__hover_enabled=\u00a0\u00bboff\u00a0\u00bb button_one_letter_spacing__hover_enabled=\u00a0\u00bboff\u00a0\u00bb button_two_letter_spacing__hover_enabled=\u00a0\u00bboff\u00a0\u00bb button_bg_color__hover_enabled=\u00a0\u00bboff\u00a0\u00bb button_one_bg_color__hover_enabled=\u00a0\u00bboff\u00a0\u00bb button_two_bg_color__hover_enabled=\u00a0\u00bboff\u00a0\u00bb][\/et_pb_contact_field][et_pb_contact_field field_id=\u00a0\u00bbEmail\u00a0\u00bb field_title=\u00a0\u00bbE-mail\u00a0\u00bb field_type=\u00a0\u00bbemail\u00a0\u00bb fullwidth_field=\u00a0\u00bbon\u00a0\u00bb _builder_version=\u00a0\u00bb4.22.1&Prime; global_colors_info=\u00a0\u00bb{}\u00a0\u00bb button_text_size__hover_enabled=\u00a0\u00bboff\u00a0\u00bb button_one_text_size__hover_enabled=\u00a0\u00bboff\u00a0\u00bb button_two_text_size__hover_enabled=\u00a0\u00bboff\u00a0\u00bb button_text_color__hover_enabled=\u00a0\u00bboff\u00a0\u00bb button_one_text_color__hover_enabled=\u00a0\u00bboff\u00a0\u00bb button_two_text_color__hover_enabled=\u00a0\u00bboff\u00a0\u00bb button_border_width__hover_enabled=\u00a0\u00bboff\u00a0\u00bb button_one_border_width__hover_enabled=\u00a0\u00bboff\u00a0\u00bb button_two_border_width__hover_enabled=\u00a0\u00bboff\u00a0\u00bb button_border_color__hover_enabled=\u00a0\u00bboff\u00a0\u00bb button_one_border_color__hover_enabled=\u00a0\u00bboff\u00a0\u00bb button_two_border_color__hover_enabled=\u00a0\u00bboff\u00a0\u00bb button_border_radius__hover_enabled=\u00a0\u00bboff\u00a0\u00bb button_one_border_radius__hover_enabled=\u00a0\u00bboff\u00a0\u00bb button_two_border_radius__hover_enabled=\u00a0\u00bboff\u00a0\u00bb button_letter_spacing__hover_enabled=\u00a0\u00bboff\u00a0\u00bb button_one_letter_spacing__hover_enabled=\u00a0\u00bboff\u00a0\u00bb button_two_letter_spacing__hover_enabled=\u00a0\u00bboff\u00a0\u00bb button_bg_color__hover_enabled=\u00a0\u00bboff\u00a0\u00bb button_one_bg_color__hover_enabled=\u00a0\u00bboff\u00a0\u00bb button_two_bg_color__hover_enabled=\u00a0\u00bboff\u00a0\u00bb][\/et_pb_contact_field][et_pb_contact_field field_id=\u00a0\u00bbBericht\u00a0\u00bb field_title=\u00a0\u00bbMessage\u00a0\u00bb field_type=\u00a0\u00bbtext\u00a0\u00bb fullwidth_field=\u00a0\u00bbon\u00a0\u00bb _builder_version=\u00a0\u00bb4.22.1&Prime; global_colors_info=\u00a0\u00bb{}\u00a0\u00bb button_text_size__hover_enabled=\u00a0\u00bboff\u00a0\u00bb button_one_text_size__hover_enabled=\u00a0\u00bboff\u00a0\u00bb button_two_text_size__hover_enabled=\u00a0\u00bboff\u00a0\u00bb button_text_color__hover_enabled=\u00a0\u00bboff\u00a0\u00bb button_one_text_color__hover_enabled=\u00a0\u00bboff\u00a0\u00bb button_two_text_color__hover_enabled=\u00a0\u00bboff\u00a0\u00bb button_border_width__hover_enabled=\u00a0\u00bboff\u00a0\u00bb button_one_border_width__hover_enabled=\u00a0\u00bboff\u00a0\u00bb button_two_border_width__hover_enabled=\u00a0\u00bboff\u00a0\u00bb button_border_color__hover_enabled=\u00a0\u00bboff\u00a0\u00bb button_one_border_color__hover_enabled=\u00a0\u00bboff\u00a0\u00bb button_two_border_color__hover_enabled=\u00a0\u00bboff\u00a0\u00bb button_border_radius__hover_enabled=\u00a0\u00bboff\u00a0\u00bb button_one_border_radius__hover_enabled=\u00a0\u00bboff\u00a0\u00bb button_two_border_radius__hover_enabled=\u00a0\u00bboff\u00a0\u00bb button_letter_spacing__hover_enabled=\u00a0\u00bboff\u00a0\u00bb button_one_letter_spacing__hover_enabled=\u00a0\u00bboff\u00a0\u00bb button_two_letter_spacing__hover_enabled=\u00a0\u00bboff\u00a0\u00bb button_bg_color__hover_enabled=\u00a0\u00bboff\u00a0\u00bb button_one_bg_color__hover_enabled=\u00a0\u00bboff\u00a0\u00bb button_two_bg_color__hover_enabled=\u00a0\u00bboff\u00a0\u00bb][\/et_pb_contact_field][\/et_pb_contact_form][\/et_pb_column][\/et_pb_row][\/et_pb_section][et_pb_section fb_built=\u00a0\u00bb1&Prime; module_id=\u00a0\u00bbplaque-de-cruisson\u00a0\u00bb _builder_version=\u00a0\u00bb4.22.1&Prime; _module_preset=\u00a0\u00bbdefault\u00a0\u00bb background_color=\u00a0\u00bb#FFFFFF\u00a0\u00bb max_width=\u00a0\u00bb100%\u00a0\u00bb custom_padding=\u00a0\u00bb90px||90px||true|false\u00a0\u00bb global_colors_info=\u00a0\u00bb{}\u00a0\u00bb][et_pb_row column_structure=\u00a0\u00bb1_2,1_2&Prime; custom_padding_last_edited=\u00a0\u00bbon|phone\u00a0\u00bb _builder_version=\u00a0\u00bb4.22.1&Prime; _module_preset=\u00a0\u00bbdefault\u00a0\u00bb width=\u00a0\u00bb40%\u00a0\u00bb width_tablet=\u00a0\u00bb100%\u00a0\u00bb width_phone=\u00a0\u00bb100%\u00a0\u00bb width_last_edited=\u00a0\u00bbon|tablet\u00a0\u00bb custom_padding_tablet=\u00a0\u00bb|80px||80px|false|true\u00a0\u00bb custom_padding_phone=\u00a0\u00bb|40px||40px|false|true\u00a0\u00bb global_colors_info=\u00a0\u00bb{}\u00a0\u00bb][et_pb_column type=\u00a0\u00bb1_2&Prime; _builder_version=\u00a0\u00bb4.22.1&Prime; _module_preset=\u00a0\u00bbdefault\u00a0\u00bb global_colors_info=\u00a0\u00bb{}\u00a0\u00bb][et_pb_blurb image=\u00a0\u00bbhttps:\/\/thefryercompany.com\/wp-content\/uploads\/2023\/10\/Techno_horeca.png\u00a0\u00bb image_icon_width=\u00a0\u00bb175px\u00a0\u00bb icon_alignment=\u00a0\u00bbleft\u00a0\u00bb _builder_version=\u00a0\u00bb4.22.1&Prime; _module_preset=\u00a0\u00bbdefault\u00a0\u00bb body_line_height=\u00a0\u00bb1.6em\u00a0\u00bb global_colors_info=\u00a0\u00bb{}\u00a0\u00bb custom_margin=\u00a0\u00bb||49px|||\u00a0\u00bb]<\/p>\n<p>TECHNO HORECA<br \/>Rigaweg 26a<br \/>9723 TH Groningen<br \/>Telefoon: +31 50 542 41 78<\/p>\n<p><a href=\"https:\/\/technohoreca.nl\/\">www.technohoreca.nl<\/a><br \/>info@technohoreca.nl<br \/>verkoop@technohoreca.nl<br \/>service@technohoreca.nl<\/p>\n<p>[\/et_pb_blurb][et_pb_blurb image=\u00a0\u00bbhttps:\/\/thefryercompany.com\/wp-content\/uploads\/2026\/03\/grootkeuken_gilde_logo.jpg\u00a0\u00bb image_icon_width=\u00a0\u00bb95%\u00a0\u00bb icon_alignment=\u00a0\u00bbleft\u00a0\u00bb _builder_version=\u00a0\u00bb4.27.5&Prime; _module_preset=\u00a0\u00bbdefault\u00a0\u00bb body_line_height=\u00a0\u00bb1.6em\u00a0\u00bb hover_enabled=\u00a0\u00bb0&Prime; global_colors_info=\u00a0\u00bb{}\u00a0\u00bb alt=\u00a0\u00bbGrootkeuken Gilde logo\u00a0\u00bb title_text=\u00a0\u00bbgrootkeuken_gilde_logo\u00a0\u00bb sticky_enabled=\u00a0\u00bb0&Prime;]<\/p>\n<p>GROOTKEUKEN GILDE B.V.<\/p>\n<p>Tolhuisweg 2<br \/>6071 RG Swalmen<br \/>Telefoon: +31 77 476 27 82<\/p>\n<p><a href=\"https:\/\/www.grootkeukengilde.nl\/\">www.grootkeukengilde.nl<\/a><br \/><a href=\"mailto:info@grootkeukengilde.nl\">info@grootkeukengilde.nl<\/a><\/p>\n<p>[\/et_pb_blurb][\/et_pb_column][et_pb_column type=\u00a0\u00bb1_2&Prime; _builder_version=\u00a0\u00bb4.22.1&Prime; _module_preset=\u00a0\u00bbdefault\u00a0\u00bb global_colors_info=\u00a0\u00bb{}\u00a0\u00bb][et_pb_blurb image=\u00a0\u00bbhttps:\/\/thefryercompany.com\/wp-content\/uploads\/2023\/10\/Bouter.png\u00a0\u00bb image_icon_width=\u00a0\u00bb400px\u00a0\u00bb icon_alignment=\u00a0\u00bbleft\u00a0\u00bb _builder_version=\u00a0\u00bb4.22.1&Prime; _module_preset=\u00a0\u00bbdefault\u00a0\u00bb body_line_height=\u00a0\u00bb1.6em\u00a0\u00bb global_colors_info=\u00a0\u00bb{}\u00a0\u00bb]<\/p>\n<p>BOUTER (Partie int\u00e9grante de SLIGRO)<br \/>Edisonstraat 64<br \/>2723 RR Zoetermeer<br \/>Telefoon: + 31 79 345 15 15<\/p>\n<p><a href=\"https:\/\/bouter.nl\/\">www.bouter.nl<\/a><br \/>info@bouter.nl<\/p>\n<p>[\/et_pb_blurb][\/et_pb_column][\/et_pb_row][\/et_pb_section]<\/p>\n","protected":false},"excerpt":{"rendered":"<p>Vous cherchez une installation de friture? Nous nous occupons de tout, de la conception jusqu\u2019 \u00e0 l\u2019installation en passant par la production. Si vous avez des questions ou si vous souhaitez demander un devis, nos conseillers se feront un plaisir de vous aider! N\u2019h\u00e9sitez pas \u00e0 nous appeler pour obtenir des informations ou pour prendre [&hellip;]<\/p>\n","protected":false},"author":1,"featured_media":0,"parent":0,"menu_order":0,"comment_status":"closed","ping_status":"closed","template":"","meta":{"_et_pb_use_builder":"on","_et_pb_old_content":"","_et_gb_content_width":"","footnotes":""},"class_list":["post-898","page","type-page","status-publish","hentry"],"yoast_head":"<!-- This site is optimized with the Yoast SEO plugin v27.1.1 - https:\/\/yoast.com\/product\/yoast-seo-wordpress\/ -->\n<title>Contact - The Fryer Company<\/title>\n<meta name=\"robots\" content=\"index, follow, max-snippet:-1, max-image-preview:large, max-video-preview:-1\" \/>\n<link rel=\"canonical\" href=\"https:\/\/thefryercompany.com\/fr\/contact\/\" \/>\n<meta property=\"og:locale\" content=\"fr_FR\" \/>\n<meta property=\"og:type\" content=\"article\" \/>\n<meta property=\"og:title\" content=\"Contact - The Fryer Company\" \/>\n<meta property=\"og:description\" content=\"Vous cherchez une installation de friture? Nous nous occupons de tout, de la conception jusqu\u2019 \u00e0 l\u2019installation en passant par la production. Si vous avez des questions ou si vous souhaitez demander un devis, nos conseillers se feront un plaisir de vous aider! N\u2019h\u00e9sitez pas \u00e0 nous appeler pour obtenir des informations ou pour prendre [&hellip;]\" \/>\n<meta property=\"og:url\" content=\"https:\/\/thefryercompany.com\/fr\/contact\/\" \/>\n<meta property=\"og:site_name\" content=\"The Fryer Company\" \/>\n<meta property=\"article:publisher\" content=\"https:\/\/www.facebook.com\/thefryercompany\/\" \/>\n<meta property=\"article:modified_time\" content=\"2026-03-10T13:58:57+00:00\" \/>\n<meta name=\"twitter:card\" content=\"summary_large_image\" \/>\n<meta name=\"twitter:label1\" content=\"Dur\u00e9e de lecture estim\u00e9e\" \/>\n\t<meta name=\"twitter:data1\" content=\"7 minutes\" \/>\n<script type=\"application\/ld+json\" class=\"yoast-schema-graph\">{\"@context\":\"https:\/\/schema.org\",\"@graph\":[{\"@type\":\"WebPage\",\"@id\":\"https:\/\/thefryercompany.com\/fr\/contact\/\",\"url\":\"https:\/\/thefryercompany.com\/fr\/contact\/\",\"name\":\"Contact - The Fryer Company\",\"isPartOf\":{\"@id\":\"https:\/\/thefryercompany.com\/fr\/#website\"},\"datePublished\":\"2023-10-11T05:26:47+00:00\",\"dateModified\":\"2026-03-10T13:58:57+00:00\",\"breadcrumb\":{\"@id\":\"https:\/\/thefryercompany.com\/fr\/contact\/#breadcrumb\"},\"inLanguage\":\"fr-FR\",\"potentialAction\":[{\"@type\":\"ReadAction\",\"target\":[\"https:\/\/thefryercompany.com\/fr\/contact\/\"]}]},{\"@type\":\"BreadcrumbList\",\"@id\":\"https:\/\/thefryercompany.com\/fr\/contact\/#breadcrumb\",\"itemListElement\":[{\"@type\":\"ListItem\",\"position\":1,\"name\":\"Home\",\"item\":\"https:\/\/thefryercompany.com\/fr\/\"},{\"@type\":\"ListItem\",\"position\":2,\"name\":\"Contact\"}]},{\"@type\":\"WebSite\",\"@id\":\"https:\/\/thefryercompany.com\/fr\/#website\",\"url\":\"https:\/\/thefryercompany.com\/fr\/\",\"name\":\"The Fryer Company\",\"description\":\"Maakt frituren geweldig\",\"publisher\":{\"@id\":\"https:\/\/thefryercompany.com\/fr\/#organization\"},\"potentialAction\":[{\"@type\":\"SearchAction\",\"target\":{\"@type\":\"EntryPoint\",\"urlTemplate\":\"https:\/\/thefryercompany.com\/fr\/?s={search_term_string}\"},\"query-input\":{\"@type\":\"PropertyValueSpecification\",\"valueRequired\":true,\"valueName\":\"search_term_string\"}}],\"inLanguage\":\"fr-FR\"},{\"@type\":\"Organization\",\"@id\":\"https:\/\/thefryercompany.com\/fr\/#organization\",\"name\":\"The Fryer Company\",\"url\":\"https:\/\/thefryercompany.com\/fr\/\",\"logo\":{\"@type\":\"ImageObject\",\"inLanguage\":\"fr-FR\",\"@id\":\"https:\/\/thefryercompany.com\/fr\/#\/schema\/logo\/image\/\",\"url\":\"https:\/\/thefryercompany.com\/wp-content\/uploads\/2023\/10\/FRYER-company-logo-slogan.png\",\"contentUrl\":\"https:\/\/thefryercompany.com\/wp-content\/uploads\/2023\/10\/FRYER-company-logo-slogan.png\",\"width\":900,\"height\":61,\"caption\":\"The Fryer Company\"},\"image\":{\"@id\":\"https:\/\/thefryercompany.com\/fr\/#\/schema\/logo\/image\/\"},\"sameAs\":[\"https:\/\/www.facebook.com\/thefryercompany\/\",\"https:\/\/www.instagram.com\/thefryercompany\/\",\"https:\/\/www.linkedin.com\/company\/the-fryer-company\"]}]}<\/script>\n<!-- \/ Yoast SEO plugin. -->","yoast_head_json":{"title":"Contact - The Fryer Company","robots":{"index":"index","follow":"follow","max-snippet":"max-snippet:-1","max-image-preview":"max-image-preview:large","max-video-preview":"max-video-preview:-1"},"canonical":"https:\/\/thefryercompany.com\/fr\/contact\/","og_locale":"fr_FR","og_type":"article","og_title":"Contact - The Fryer Company","og_description":"Vous cherchez une installation de friture? Nous nous occupons de tout, de la conception jusqu\u2019 \u00e0 l\u2019installation en passant par la production. Si vous avez des questions ou si vous souhaitez demander un devis, nos conseillers se feront un plaisir de vous aider! N\u2019h\u00e9sitez pas \u00e0 nous appeler pour obtenir des informations ou pour prendre [&hellip;]","og_url":"https:\/\/thefryercompany.com\/fr\/contact\/","og_site_name":"The Fryer Company","article_publisher":"https:\/\/www.facebook.com\/thefryercompany\/","article_modified_time":"2026-03-10T13:58:57+00:00","twitter_card":"summary_large_image","twitter_misc":{"Dur\u00e9e de lecture estim\u00e9e":"7 minutes"},"schema":{"@context":"https:\/\/schema.org","@graph":[{"@type":"WebPage","@id":"https:\/\/thefryercompany.com\/fr\/contact\/","url":"https:\/\/thefryercompany.com\/fr\/contact\/","name":"Contact - The Fryer Company","isPartOf":{"@id":"https:\/\/thefryercompany.com\/fr\/#website"},"datePublished":"2023-10-11T05:26:47+00:00","dateModified":"2026-03-10T13:58:57+00:00","breadcrumb":{"@id":"https:\/\/thefryercompany.com\/fr\/contact\/#breadcrumb"},"inLanguage":"fr-FR","potentialAction":[{"@type":"ReadAction","target":["https:\/\/thefryercompany.com\/fr\/contact\/"]}]},{"@type":"BreadcrumbList","@id":"https:\/\/thefryercompany.com\/fr\/contact\/#breadcrumb","itemListElement":[{"@type":"ListItem","position":1,"name":"Home","item":"https:\/\/thefryercompany.com\/fr\/"},{"@type":"ListItem","position":2,"name":"Contact"}]},{"@type":"WebSite","@id":"https:\/\/thefryercompany.com\/fr\/#website","url":"https:\/\/thefryercompany.com\/fr\/","name":"The Fryer Company","description":"Maakt frituren geweldig","publisher":{"@id":"https:\/\/thefryercompany.com\/fr\/#organization"},"potentialAction":[{"@type":"SearchAction","target":{"@type":"EntryPoint","urlTemplate":"https:\/\/thefryercompany.com\/fr\/?s={search_term_string}"},"query-input":{"@type":"PropertyValueSpecification","valueRequired":true,"valueName":"search_term_string"}}],"inLanguage":"fr-FR"},{"@type":"Organization","@id":"https:\/\/thefryercompany.com\/fr\/#organization","name":"The Fryer Company","url":"https:\/\/thefryercompany.com\/fr\/","logo":{"@type":"ImageObject","inLanguage":"fr-FR","@id":"https:\/\/thefryercompany.com\/fr\/#\/schema\/logo\/image\/","url":"https:\/\/thefryercompany.com\/wp-content\/uploads\/2023\/10\/FRYER-company-logo-slogan.png","contentUrl":"https:\/\/thefryercompany.com\/wp-content\/uploads\/2023\/10\/FRYER-company-logo-slogan.png","width":900,"height":61,"caption":"The Fryer Company"},"image":{"@id":"https:\/\/thefryercompany.com\/fr\/#\/schema\/logo\/image\/"},"sameAs":["https:\/\/www.facebook.com\/thefryercompany\/","https:\/\/www.instagram.com\/thefryercompany\/","https:\/\/www.linkedin.com\/company\/the-fryer-company"]}]}},"_links":{"self":[{"href":"https:\/\/thefryercompany.com\/fr\/wp-json\/wp\/v2\/pages\/898","targetHints":{"allow":["GET"]}}],"collection":[{"href":"https:\/\/thefryercompany.com\/fr\/wp-json\/wp\/v2\/pages"}],"about":[{"href":"https:\/\/thefryercompany.com\/fr\/wp-json\/wp\/v2\/types\/page"}],"author":[{"embeddable":true,"href":"https:\/\/thefryercompany.com\/fr\/wp-json\/wp\/v2\/users\/1"}],"replies":[{"embeddable":true,"href":"https:\/\/thefryercompany.com\/fr\/wp-json\/wp\/v2\/comments?post=898"}],"version-history":[{"count":9,"href":"https:\/\/thefryercompany.com\/fr\/wp-json\/wp\/v2\/pages\/898\/revisions"}],"predecessor-version":[{"id":2173,"href":"https:\/\/thefryercompany.com\/fr\/wp-json\/wp\/v2\/pages\/898\/revisions\/2173"}],"wp:attachment":[{"href":"https:\/\/thefryercompany.com\/fr\/wp-json\/wp\/v2\/media?parent=898"}],"curies":[{"name":"wp","href":"https:\/\/api.w.org\/{rel}","templated":true}]}}